{"id":3169,"date":"2017-11-11T04:43:48","date_gmt":"2017-11-11T04:43:48","guid":{"rendered":"http:\/\/demo.thembay.com\/megabuy\/?page_id=3169"},"modified":"2025-08-09T08:38:58","modified_gmt":"2025-08-09T08:38:58","slug":"contact","status":"publish","type":"page","link":"https:\/\/zakawatt.dz\/index.php\/contact\/","title":{"rendered":"Contact"},"content":{"rendered":"\t\t<div data-elementor-type=\"wp-page\" data-elementor-id=\"3169\" class=\"elementor elementor-3169\">\n\t\t\t\t\t\t\t\t\t<section class=\"elementor-section elementor-top-section elementor-element elementor-element-7475aaba elementor-section-stretched elementor-section-boxed elementor-section-height-default elementor-section-height-default\" data-id=\"7475aaba\" data-element_type=\"section\" data-settings=\"{&quot;stretch_section&quot;:&quot;section-stretched&quot;}\">\n\t\t\t\t\t\t<div class=\"elementor-container elementor-column-gap-default\">\n\t\t\t\t\t<div class=\"elementor-column elementor-col-100 elementor-top-column elementor-element elementor-element-2defeba\" data-id=\"2defeba\" data-element_type=\"column\">\n\t\t\t<div class=\"elementor-widget-wrap elementor-element-populated\">\n\t\t\t\t\t\t\t\t<section class=\"elementor-section elementor-inner-section elementor-element elementor-element-fb06deb elementor-section-boxed elementor-section-height-default elementor-section-height-default\" data-id=\"fb06deb\" data-element_type=\"section\">\n\t\t\t\t\t\t<div class=\"elementor-container elementor-column-gap-default\">\n\t\t\t\t\t<div class=\"elementor-column elementor-col-100 elementor-inner-column elementor-element elementor-element-6a09d26\" data-id=\"6a09d26\" data-element_type=\"column\">\n\t\t\t<div class=\"elementor-widget-wrap elementor-element-populated\">\n\t\t\t\t\t\t\t\t<div class=\"elementor-element elementor-element-29612926 elementor-widget elementor-widget-tbay-heading\" data-id=\"29612926\" data-element_type=\"widget\" data-widget_type=\"tbay-heading.default\">\n\t\t\t\t<div class=\"elementor-widget-container\">\n\t\t\t\r\n<div class=\"tbay-element tbay-addon tbay-addon-heading tbay-addon-text-heading\">\r\n\t\t\t\t<h3 class=\"tbay-addon-title \">\r\n\t\t\t\t\t\t\t\t\t<span class=\"title\">Contactez-Nous<\/span>\r\n\t\t\t\t\t    \t\r\n\t\t\t\t\t\t\t<\/h3>\r\n\t\t<\/div>\t\t<\/div>\n\t\t\t\t<\/div>\n\t\t\t\t\t<\/div>\n\t\t<\/div>\n\t\t\t\t\t\t\t<\/div>\n\t\t<\/section>\n\t\t\t\t\t<\/div>\n\t\t<\/div>\n\t\t\t\t\t\t\t<\/div>\n\t\t<\/section>\n\t\t\t\t<section class=\"elementor-section elementor-top-section elementor-element elementor-element-ee60b66 elementor-section-stretched elementor-section-boxed elementor-section-height-default elementor-section-height-default\" data-id=\"ee60b66\" data-element_type=\"section\" data-settings=\"{&quot;stretch_section&quot;:&quot;section-stretched&quot;}\">\n\t\t\t\t\t\t<div class=\"elementor-container elementor-column-gap-default\">\n\t\t\t\t\t<div class=\"elementor-column elementor-col-100 elementor-top-column elementor-element elementor-element-c80b9da\" data-id=\"c80b9da\" data-element_type=\"column\">\n\t\t\t<div class=\"elementor-widget-wrap elementor-element-populated\">\n\t\t\t\t\t\t\t\t<section class=\"elementor-section elementor-inner-section elementor-element elementor-element-fca099b elementor-section-boxed elementor-section-height-default elementor-section-height-default\" data-id=\"fca099b\" data-element_type=\"section\">\n\t\t\t\t\t\t<div class=\"elementor-container elementor-column-gap-default\">\n\t\t\t\t\t<div class=\"elementor-column elementor-col-50 elementor-inner-column elementor-element elementor-element-d79abfc\" data-id=\"d79abfc\" data-element_type=\"column\">\n\t\t\t<div class=\"elementor-widget-wrap elementor-element-populated\">\n\t\t\t\t\t\t\t\t<div class=\"elementor-element elementor-element-3bd8d22 contact-wrapper elementor-widget elementor-widget-text-editor\" data-id=\"3bd8d22\" data-element_type=\"widget\" data-widget_type=\"text-editor.default\">\n\t\t\t\t<div class=\"elementor-widget-container\">\n\t\t\t<style>\/*! elementor - v3.16.0 - 20-09-2023 *\/\n.elementor-widget-text-editor.elementor-drop-cap-view-stacked .elementor-drop-cap{background-color:#69727d;color:#fff}.elementor-widget-text-editor.elementor-drop-cap-view-framed .elementor-drop-cap{color:#69727d;border:3px solid;background-color:transparent}.elementor-widget-text-editor:not(.elementor-drop-cap-view-default) .elementor-drop-cap{margin-top:8px}.elementor-widget-text-editor:not(.elementor-drop-cap-view-default) .elementor-drop-cap-letter{width:1em;height:1em}.elementor-widget-text-editor .elementor-drop-cap{float:left;text-align:center;line-height:1;font-size:50px}.elementor-widget-text-editor .elementor-drop-cap-letter{display:inline-block}<\/style>\t\t\t\t<ul class=\"contact-info\">\n<li style=\"text-align: center\">Coordonn\u00e9es Alger<\/li>\n<li><span class=\"head\"><i class=\"linear-icon-phone\"><\/i>T\u00e9l\u00e9phone :<\/span>+213(0)561 75 18 23<\/li>\n<li><span class=\"head\"><i class=\"linear-icon-envelope\"><\/i>Email Address :<\/span>commercial@zakawatt.dz<\/li>\n<li><span class=\"head\"><i class=\"linear-icon-office\"><\/i>Address :<\/span>11, cit\u00e9 Sntp groupe \u2018C\u2019 El Hamiz, Dar El Be\u00efda, Alger<\/li>\n<\/ul>\t\t\t\t\t\t<\/div>\n\t\t\t\t<\/div>\n\t\t\t\t\t<\/div>\n\t\t<\/div>\n\t\t\t\t<div class=\"elementor-column elementor-col-50 elementor-inner-column elementor-element elementor-element-02d473d\" data-id=\"02d473d\" data-element_type=\"column\">\n\t\t\t<div class=\"elementor-widget-wrap elementor-element-populated\">\n\t\t\t\t\t\t\t\t<div class=\"elementor-element elementor-element-0e56e46 contact-wrapper elementor-widget elementor-widget-text-editor\" data-id=\"0e56e46\" data-element_type=\"widget\" data-widget_type=\"text-editor.default\">\n\t\t\t\t<div class=\"elementor-widget-container\">\n\t\t\t\t\t\t\t<ul class=\"contact-info\">\n \t<li style=\"text-align: center\">Coordonn\u00e9es Oran<\/li>\n \t<li><span class=\"head\"><i class=\"linear-icon-phone\"><\/i>T\u00e9l\u00e9phone :<\/span>+213(0)554 177 267\/+213 (0)554 177 207<\/li>\n \t<li><span class=\"head\"><i class=\"linear-icon-envelope\"><\/i>Email Address :<\/span>sarl.zakawest@gmail.com <\/li>\n \t<li><span class=\"head\"><i class=\"linear-icon-office\"><\/i>Address :<\/span>Local 01, 20 ilot 154 Hai Khemisti, Bir El Djir 31130, Oran<\/li>\n<\/ul>\t\t\t\t\t\t<\/div>\n\t\t\t\t<\/div>\n\t\t\t\t\t<\/div>\n\t\t<\/div>\n\t\t\t\t\t\t\t<\/div>\n\t\t<\/section>\n\t\t\t\t<div class=\"elementor-element elementor-element-edb334b e-grid-align-left elementor-shape-rounded elementor-grid-0 elementor-widget elementor-widget-social-icons\" data-id=\"edb334b\" data-element_type=\"widget\" data-widget_type=\"social-icons.default\">\n\t\t\t\t<div class=\"elementor-widget-container\">\n\t\t\t<style>\/*! elementor - v3.16.0 - 20-09-2023 *\/\n.elementor-widget-social-icons.elementor-grid-0 .elementor-widget-container,.elementor-widget-social-icons.elementor-grid-mobile-0 .elementor-widget-container,.elementor-widget-social-icons.elementor-grid-tablet-0 .elementor-widget-container{line-height:1;font-size:0}.elementor-widget-social-icons:not(.elementor-grid-0):not(.elementor-grid-tablet-0):not(.elementor-grid-mobile-0) .elementor-grid{display:inline-grid}.elementor-widget-social-icons .elementor-grid{grid-column-gap:var(--grid-column-gap,5px);grid-row-gap:var(--grid-row-gap,5px);grid-template-columns:var(--grid-template-columns);justify-content:var(--justify-content,center);justify-items:var(--justify-content,center)}.elementor-icon.elementor-social-icon{font-size:var(--icon-size,25px);line-height:var(--icon-size,25px);width:calc(var(--icon-size, 25px) + (2 * var(--icon-padding, .5em)));height:calc(var(--icon-size, 25px) + (2 * var(--icon-padding, .5em)))}.elementor-social-icon{--e-social-icon-icon-color:#fff;display:inline-flex;background-color:#69727d;align-items:center;justify-content:center;text-align:center;cursor:pointer}.elementor-social-icon i{color:var(--e-social-icon-icon-color)}.elementor-social-icon svg{fill:var(--e-social-icon-icon-color)}.elementor-social-icon:last-child{margin:0}.elementor-social-icon:hover{opacity:.9;color:#fff}.elementor-social-icon-android{background-color:#a4c639}.elementor-social-icon-apple{background-color:#999}.elementor-social-icon-behance{background-color:#1769ff}.elementor-social-icon-bitbucket{background-color:#205081}.elementor-social-icon-codepen{background-color:#000}.elementor-social-icon-delicious{background-color:#39f}.elementor-social-icon-deviantart{background-color:#05cc47}.elementor-social-icon-digg{background-color:#005be2}.elementor-social-icon-dribbble{background-color:#ea4c89}.elementor-social-icon-elementor{background-color:#d30c5c}.elementor-social-icon-envelope{background-color:#ea4335}.elementor-social-icon-facebook,.elementor-social-icon-facebook-f{background-color:#3b5998}.elementor-social-icon-flickr{background-color:#0063dc}.elementor-social-icon-foursquare{background-color:#2d5be3}.elementor-social-icon-free-code-camp,.elementor-social-icon-freecodecamp{background-color:#006400}.elementor-social-icon-github{background-color:#333}.elementor-social-icon-gitlab{background-color:#e24329}.elementor-social-icon-globe{background-color:#69727d}.elementor-social-icon-google-plus,.elementor-social-icon-google-plus-g{background-color:#dd4b39}.elementor-social-icon-houzz{background-color:#7ac142}.elementor-social-icon-instagram{background-color:#262626}.elementor-social-icon-jsfiddle{background-color:#487aa2}.elementor-social-icon-link{background-color:#818a91}.elementor-social-icon-linkedin,.elementor-social-icon-linkedin-in{background-color:#0077b5}.elementor-social-icon-medium{background-color:#00ab6b}.elementor-social-icon-meetup{background-color:#ec1c40}.elementor-social-icon-mixcloud{background-color:#273a4b}.elementor-social-icon-odnoklassniki{background-color:#f4731c}.elementor-social-icon-pinterest{background-color:#bd081c}.elementor-social-icon-product-hunt{background-color:#da552f}.elementor-social-icon-reddit{background-color:#ff4500}.elementor-social-icon-rss{background-color:#f26522}.elementor-social-icon-shopping-cart{background-color:#4caf50}.elementor-social-icon-skype{background-color:#00aff0}.elementor-social-icon-slideshare{background-color:#0077b5}.elementor-social-icon-snapchat{background-color:#fffc00}.elementor-social-icon-soundcloud{background-color:#f80}.elementor-social-icon-spotify{background-color:#2ebd59}.elementor-social-icon-stack-overflow{background-color:#fe7a15}.elementor-social-icon-steam{background-color:#00adee}.elementor-social-icon-stumbleupon{background-color:#eb4924}.elementor-social-icon-telegram{background-color:#2ca5e0}.elementor-social-icon-thumb-tack{background-color:#1aa1d8}.elementor-social-icon-tripadvisor{background-color:#589442}.elementor-social-icon-tumblr{background-color:#35465c}.elementor-social-icon-twitch{background-color:#6441a5}.elementor-social-icon-twitter{background-color:#1da1f2}.elementor-social-icon-viber{background-color:#665cac}.elementor-social-icon-vimeo{background-color:#1ab7ea}.elementor-social-icon-vk{background-color:#45668e}.elementor-social-icon-weibo{background-color:#dd2430}.elementor-social-icon-weixin{background-color:#31a918}.elementor-social-icon-whatsapp{background-color:#25d366}.elementor-social-icon-wordpress{background-color:#21759b}.elementor-social-icon-xing{background-color:#026466}.elementor-social-icon-yelp{background-color:#af0606}.elementor-social-icon-youtube{background-color:#cd201f}.elementor-social-icon-500px{background-color:#0099e5}.elementor-shape-rounded .elementor-icon.elementor-social-icon{border-radius:10%}.elementor-shape-circle .elementor-icon.elementor-social-icon{border-radius:50%}<\/style>\t\t<div class=\"elementor-social-icons-wrapper elementor-grid\">\n\t\t\t\t\t\t\t<span class=\"elementor-grid-item\">\n\t\t\t\t\t<a class=\"elementor-icon elementor-social-icon elementor-social-icon-facebook elementor-repeater-item-8f645f7\" href=\"https:\/\/www.facebook.com\/zakawatt.dz\/\" target=\"_blank\">\n\t\t\t\t\t\t<span class=\"elementor-screen-only\">Facebook<\/span>\n\t\t\t\t\t\t<i class=\"fab fa-facebook\"><\/i>\t\t\t\t\t<\/a>\n\t\t\t\t<\/span>\n\t\t\t\t\t\t\t<span class=\"elementor-grid-item\">\n\t\t\t\t\t<a class=\"elementor-icon elementor-social-icon elementor-social-icon- elementor-repeater-item-b8f5d24\" href=\"https:\/\/www.ouedkniss.com\/store\/14248\/zakawatt\/accueil\" target=\"_blank\">\n\t\t\t\t\t\t<span class=\"elementor-screen-only\"><\/span>\n\t\t\t\t\t\t<svg xmlns=\"http:\/\/www.w3.org\/2000\/svg\" xmlns:xlink=\"http:\/\/www.w3.org\/1999\/xlink\" id=\"Layer_1\" x=\"0px\" y=\"0px\" width=\"100%\" viewBox=\"0 0 512 512\" xml:space=\"preserve\"><path fill=\"#FFFFFF\" opacity=\"1.000000\" stroke=\"none\" d=\"M283.000000,513.000000  C188.689560,513.000000 94.879120,513.000000 1.034338,513.000000  C1.034338,342.397858 1.034338,171.795731 1.034338,1.096792  C171.560455,1.096792 342.121002,1.096792 512.840759,1.096792  C512.840759,171.666550 512.840759,342.333252 512.840759,513.000000  C436.462372,513.000000 359.981171,513.000000 283.000000,513.000000 M139.354324,127.879036  C133.306808,128.934509 127.144585,129.555496 121.230621,131.116806  C85.913406,140.440704 59.739849,161.705627 43.513451,194.113647  C27.406946,226.282196 26.089479,259.950073 40.102184,293.184021  C56.304863,331.611908 85.831879,355.241486 125.992439,365.658447  C136.675278,368.429382 136.766235,368.078705 135.974579,378.772369  C135.124023,390.261749 141.086960,396.857819 152.502029,397.017487  C154.164886,397.040710 155.843857,397.045349 157.491409,396.853149  C175.759628,394.721893 191.451965,386.642181 205.624649,375.427551  C225.492340,359.706635 240.773880,340.106262 252.377884,317.718170  C265.736755,291.944275 274.204254,265.018738 271.108948,235.341934  C268.728821,212.521805 260.918060,191.833405 246.691055,174.097565  C219.483765,140.180130 183.958054,124.370934 139.354324,127.879036 M346.936859,170.532089  C341.590637,159.676422 336.501221,148.683411 330.797546,138.018921  C327.604248,132.048233 320.912872,129.401154 314.511414,131.793304  C304.440460,135.556732 294.583832,139.956223 284.846466,144.533188  C274.156494,149.557968 271.946228,158.577484 278.177551,168.765656  C289.410248,187.131119 296.766510,206.898895 299.201385,228.380630  C303.235413,263.971497 296.252563,297.061005 277.109406,327.542725  C271.926178,335.795959 274.278015,344.626099 282.921631,349.077179  C292.658112,354.090973 302.716278,358.558228 312.894836,362.609100  C320.164764,365.502380 327.700195,362.879517 331.166016,355.876160  C338.218323,341.625763 345.159760,327.248047 350.866852,312.429779  C354.682770,302.521729 366.972107,294.955536 377.644165,305.606476  C396.718597,324.643127 415.791626,343.682770 435.044861,362.537750  C442.557556,369.895050 450.838501,369.559326 458.303955,362.183960  C464.111908,356.446075 469.860107,350.647552 475.617004,344.858154  C485.330322,335.090057 485.169098,327.423431 475.237671,317.605865  C459.133148,301.685944 443.217407,285.573059 426.985687,269.784546  C414.983307,258.109894 413.426575,239.251877 424.729767,227.253204  C430.306885,221.332947 436.095947,215.610962 441.836487,209.846420  C453.822662,197.810013 465.932007,185.894547 477.803772,173.746719  C483.205383,168.219467 483.738373,159.379898 478.862549,154.228226  C471.098450,146.024734 463.098755,138.024231 454.868378,130.289352  C449.796753,125.523079 441.254974,126.017555 436.195892,130.760269  C432.436218,134.284775 428.713745,137.851929 425.059631,141.485519  C409.119049,157.336700 393.237549,173.247360 377.277405,189.078796  C368.748596,197.538818 355.748932,194.859955 351.757782,183.905670  C350.224152,179.696426 348.715881,175.477966 346.936859,170.532089 z\"><\/path><path fill=\"#FABC08\" opacity=\"1.000000\" stroke=\"none\" d=\"M139.814728,127.862617  C183.958054,124.370934 219.483765,140.180130 246.691055,174.097565  C260.918060,191.833405 268.728821,212.521805 271.108948,235.341934  C274.204254,265.018738 265.736755,291.944275 252.377884,317.718170  C240.773880,340.106262 225.492340,359.706635 205.624649,375.427551  C191.451965,386.642181 175.759628,394.721893 157.491409,396.853149  C155.843857,397.045349 154.164886,397.040710 152.502029,397.017487  C141.086960,396.857819 135.124023,390.261749 135.974579,378.772369  C136.766235,368.078705 136.675278,368.429382 125.992439,365.658447  C85.831879,355.241486 56.304863,331.611908 40.102184,293.184021  C26.089479,259.950073 27.406946,226.282196 43.513451,194.113647  C59.739849,161.705627 85.913406,140.440704 121.230621,131.116806  C127.144585,129.555496 133.306808,128.934509 139.814728,127.862617 M96.579453,272.740662  C108.660805,294.959198 127.050415,306.930389 152.629288,306.829590  C186.367371,306.696625 217.540558,275.448975 210.530350,235.284195  C205.249527,205.027939 175.470840,181.950287 143.164062,186.776489  C122.677307,189.836929 107.675240,200.322052 97.908714,218.191971  C88.331734,235.715088 88.613678,253.853943 96.579453,272.740662 z\"><\/path><path fill=\"#4386F4\" opacity=\"1.000000\" stroke=\"none\" d=\"M347.066467,170.897888  C348.715881,175.477966 350.224152,179.696426 351.757782,183.905670  C355.748932,194.859955 368.748596,197.538818 377.277405,189.078796  C393.237549,173.247360 409.119049,157.336700 425.059631,141.485519  C428.713745,137.851929 432.436218,134.284775 436.195892,130.760269  C441.254974,126.017555 449.796753,125.523079 454.868378,130.289352  C463.098755,138.024231 471.098450,146.024734 478.862549,154.228226  C483.738373,159.379898 483.205383,168.219467 477.803772,173.746719  C465.932007,185.894547 453.822662,197.810013 441.836487,209.846420  C436.095947,215.610962 430.306885,221.332947 424.729767,227.253204  C413.426575,239.251877 414.983307,258.109894 426.985687,269.784546  C443.217407,285.573059 459.133148,301.685944 475.237671,317.605865  C485.169098,327.423431 485.330322,335.090057 475.617004,344.858154  C469.860107,350.647552 464.111908,356.446075 458.303955,362.183960  C450.838501,369.559326 442.557556,369.895050 435.044861,362.537750  C415.791626,343.682770 396.718597,324.643127 377.644165,305.606476  C366.972107,294.955536 354.682770,302.521729 350.866852,312.429779  C345.159760,327.248047 338.218323,341.625763 331.166016,355.876160  C327.700195,362.879517 320.164764,365.502380 312.894836,362.609100  C302.716278,358.558228 292.658112,354.090973 282.921631,349.077179  C274.278015,344.626099 271.926178,335.795959 277.109406,327.542725  C296.252563,297.061005 303.235413,263.971497 299.201385,228.380630  C296.766510,206.898895 289.410248,187.131119 278.177551,168.765656  C271.946228,158.577484 274.156494,149.557968 284.846466,144.533188  C294.583832,139.956223 304.440460,135.556732 314.511414,131.793304  C320.912872,129.401154 327.604248,132.048233 330.797546,138.018921  C336.501221,148.683411 341.590637,159.676422 347.066467,170.897888 z\"><\/path><path fill=\"#FFFFFC\" opacity=\"1.000000\" stroke=\"none\" d=\"M96.400879,272.405640  C88.613678,253.853943 88.331734,235.715088 97.908714,218.191971  C107.675240,200.322052 122.677307,189.836929 143.164062,186.776489  C175.470840,181.950287 205.249527,205.027939 210.530350,235.284195  C217.540558,275.448975 186.367371,306.696625 152.629288,306.829590  C127.050415,306.930389 108.660805,294.959198 96.400879,272.405640 z\"><\/path><\/svg>\t\t\t\t\t<\/a>\n\t\t\t\t<\/span>\n\t\t\t\t\t<\/div>\n\t\t\t\t<\/div>\n\t\t\t\t<\/div>\n\t\t\t\t\t<\/div>\n\t\t<\/div>\n\t\t\t\t\t\t\t<\/div>\n\t\t<\/section>\n\t\t\t\t<section class=\"elementor-section elementor-top-section elementor-element elementor-element-9e6696e elementor-section-stretched elementor-section-boxed elementor-section-height-default elementor-section-height-default\" data-id=\"9e6696e\" data-element_type=\"section\" data-settings=\"{&quot;stretch_section&quot;:&quot;section-stretched&quot;}\">\n\t\t\t\t\t\t<div class=\"elementor-container elementor-column-gap-default\">\n\t\t\t\t\t<div class=\"elementor-column elementor-col-50 elementor-top-column elementor-element elementor-element-224ee89\" data-id=\"224ee89\" data-element_type=\"column\">\n\t\t\t<div class=\"elementor-widget-wrap elementor-element-populated\">\n\t\t\t\t\t\t\t\t<div class=\"elementor-element elementor-element-f389c46 elementor-widget elementor-widget-shortcode\" data-id=\"f389c46\" data-element_type=\"widget\" data-widget_type=\"shortcode.default\">\n\t\t\t\t<div class=\"elementor-widget-container\">\n\t\t\t\t\t<div class=\"elementor-shortcode\">\n<div class=\"wpcf7 no-js\" id=\"wpcf7-f559-o1\" lang=\"en-US\" dir=\"ltr\" data-wpcf7-id=\"559\">\n<div class=\"screen-reader-response\"><p role=\"status\" aria-live=\"polite\" aria-atomic=\"true\"><\/p> <ul><\/ul><\/div>\n<form action=\"\/index.php\/wp-json\/wp\/v2\/pages\/3169#wpcf7-f559-o1\" method=\"post\" class=\"wpcf7-form init\" aria-label=\"Contact form\" novalidate=\"novalidate\" data-status=\"init\">\n<fieldset class=\"hidden-fields-container\"><input type=\"hidden\" name=\"_wpcf7\" value=\"559\" \/><input type=\"hidden\" name=\"_wpcf7_version\" value=\"6.1.5\" \/><input type=\"hidden\" name=\"_wpcf7_locale\" value=\"en_US\" \/><input type=\"hidden\" name=\"_wpcf7_unit_tag\" value=\"wpcf7-f559-o1\" \/><input type=\"hidden\" name=\"_wpcf7_container_post\" value=\"0\" \/><input type=\"hidden\" name=\"_wpcf7_posted_data_hash\" value=\"\" \/><input type=\"hidden\" name=\"_wpcf7_recaptcha_response\" value=\"\" \/>\n<\/fieldset>\n<div class=\"form-horizontal row\">\n\t<div class=\"col-md-6\">\n\t\t<p><label for=\"name\">Nom<span class=\"required\">*<\/span>:<\/label><br \/>\n<span class=\"wpcf7-form-control-wrap\" data-name=\"text-799\"><input size=\"40\" maxlength=\"400\" class=\"wpcf7-form-control wpcf7-text wpcf7-validates-as-required required form-control\" id=\"your_name\" aria-required=\"true\" aria-invalid=\"false\" value=\"\" type=\"text\" name=\"text-799\" \/><\/span>\n\t\t<\/p>\n\t<\/div>\n\t<div class=\"col-md-6\">\n\t\t<p><label class=\"control-label\" for=\"email\">Email<span class=\"required\">*<\/span>:<\/label><br \/>\n<span class=\"wpcf7-form-control-wrap\" data-name=\"email-257\"><input size=\"40\" maxlength=\"400\" class=\"wpcf7-form-control wpcf7-email wpcf7-validates-as-required wpcf7-text wpcf7-validates-as-email required\" id=\"your_email\" aria-required=\"true\" aria-invalid=\"false\" value=\"\" type=\"email\" name=\"email-257\" \/><\/span>\n\t\t<\/p>\n\t<\/div>\n\t<div class=\"col-md-12\">\n\t\t<p><label for=\"name\">Sujet<span class=\"required\">*<\/span>:<\/label><br \/>\n<span class=\"wpcf7-form-control-wrap\" data-name=\"text-599\"><input size=\"40\" maxlength=\"400\" class=\"wpcf7-form-control wpcf7-text wpcf7-validates-as-required required form-subject\" id=\"your_subject\" aria-required=\"true\" aria-invalid=\"false\" value=\"\" type=\"text\" name=\"text-599\" \/><\/span>\n\t\t<\/p>\n\t\t<div class=\"col-md-12\">\n\t\t\t<p><label class=\"control-label\" for=\"message\">Message<span class=\"required\">*<\/span>:<\/label><br \/>\n<span class=\"wpcf7-form-control-wrap\" data-name=\"textarea-552\"><textarea cols=\"40\" rows=\"10\" maxlength=\"2000\" class=\"wpcf7-form-control wpcf7-textarea required\" id=\"your_message\" aria-invalid=\"false\" name=\"textarea-552\"><\/textarea><\/span>\n\t\t\t<\/p>\n\t\t<\/div>\n\t\t<div class=\"col-md-2 col-md-offset-10\">\n\t\t\t<p><input class=\"wpcf7-form-control wpcf7-submit has-spinner btn btn-default\" type=\"submit\" value=\"Envoyer\" \/>\n\t\t\t<\/p>\n\t\t<\/div>\n\t<\/div>\n<\/div><div class=\"wpcf7-response-output\" aria-hidden=\"true\"><\/div>\n<\/form>\n<\/div>\n<\/div>\n\t\t\t\t<\/div>\n\t\t\t\t<\/div>\n\t\t\t\t\t<\/div>\n\t\t<\/div>\n\t\t\t\t<div class=\"elementor-column elementor-col-50 elementor-top-column elementor-element elementor-element-e929503\" data-id=\"e929503\" data-element_type=\"column\">\n\t\t\t<div class=\"elementor-widget-wrap elementor-element-populated\">\n\t\t\t\t\t\t\t\t<div class=\"elementor-element elementor-element-6d8476f3 elementor-widget elementor-widget-google_maps\" data-id=\"6d8476f3\" data-element_type=\"widget\" data-widget_type=\"google_maps.default\">\n\t\t\t\t<div class=\"elementor-widget-container\">\n\t\t\t<style>\/*! elementor - v3.16.0 - 20-09-2023 *\/\n.elementor-widget-google_maps .elementor-widget-container{overflow:hidden}.elementor-widget-google_maps .elementor-custom-embed{line-height:0}.elementor-widget-google_maps iframe{height:300px}<\/style>\t\t<div class=\"elementor-custom-embed\">\n\t\t\t<iframe loading=\"lazy\"\n\t\t\t\t\tsrc=\"https:\/\/maps.google.com\/maps?q=zakawatt&#038;t=m&#038;z=12&#038;output=embed&#038;iwloc=near\"\n\t\t\t\t\ttitle=\"zakawatt\"\n\t\t\t\t\taria-label=\"zakawatt\"\n\t\t\t><\/iframe>\n\t\t<\/div>\n\t\t\t\t<\/div>\n\t\t\t\t<\/div>\n\t\t\t\t\t<\/div>\n\t\t<\/div>\n\t\t\t\t\t\t\t<\/div>\n\t\t<\/section>\n\t\t\t\t<section class=\"elementor-section elementor-top-section elementor-element elementor-element-1ee167ca elementor-section-stretched contact-detail elementor-section-boxed elementor-section-height-default elementor-section-height-default\" data-id=\"1ee167ca\" data-element_type=\"section\" data-settings=\"{&quot;stretch_section&quot;:&quot;section-stretched&quot;}\">\n\t\t\t\t\t\t<div class=\"elementor-container elementor-column-gap-default\">\n\t\t\t\t\t<div class=\"elementor-column elementor-col-100 elementor-top-column elementor-element elementor-element-6cb22419\" data-id=\"6cb22419\" data-element_type=\"column\">\n\t\t\t<div class=\"elementor-widget-wrap\">\n\t\t\t\t\t\t\t\t\t<\/div>\n\t\t<\/div>\n\t\t\t\t\t\t\t<\/div>\n\t\t<\/section>\n\t\t\t\t\t\t\t<\/div>\n\t\t","protected":false},"excerpt":{"rendered":"<p>Contactez-Nous Coordonn\u00e9es Alger T\u00e9l\u00e9phone :+213(0)561 75 18 23 Email Address :commercial@zakawatt.dz Address :11, cit\u00e9 Sntp groupe \u2018C\u2019 El Hamiz, Dar El Be\u00efda, Alger Coordonn\u00e9es Oran T\u00e9l\u00e9phone :+213(0)554 177 267\/+213 (0)554 177 207 Email Address :sarl.zakawest@gmail.com Address :Local 01, 20 ilot 154 Hai Khemisti, Bir El Djir 31130, Oran \/*! elementor &#8211; v3.16.0 &#8211; 20-09-2023 *\/ &hellip; <a href=\"https:\/\/zakawatt.dz\/index.php\/contact\/\" class=\"more-link\">Continue reading <span class=\"screen-reader-text\">Contact<\/span><\/a><\/p>\n","protected":false},"author":1,"featured_media":0,"parent":0,"menu_order":0,"comment_status":"closed","ping_status":"closed","template":"","meta":{"footnotes":""},"class_list":["post-3169","page","type-page","status-publish","hentry"],"_links":{"self":[{"href":"https:\/\/zakawatt.dz\/index.php\/wp-json\/wp\/v2\/pages\/3169","targetHints":{"allow":["GET"]}}],"collection":[{"href":"https:\/\/zakawatt.dz\/index.php\/wp-json\/wp\/v2\/pages"}],"about":[{"href":"https:\/\/zakawatt.dz\/index.php\/wp-json\/wp\/v2\/types\/page"}],"author":[{"embeddable":true,"href":"https:\/\/zakawatt.dz\/index.php\/wp-json\/wp\/v2\/users\/1"}],"replies":[{"embeddable":true,"href":"https:\/\/zakawatt.dz\/index.php\/wp-json\/wp\/v2\/comments?post=3169"}],"version-history":[{"count":31,"href":"https:\/\/zakawatt.dz\/index.php\/wp-json\/wp\/v2\/pages\/3169\/revisions"}],"predecessor-version":[{"id":10805,"href":"https:\/\/zakawatt.dz\/index.php\/wp-json\/wp\/v2\/pages\/3169\/revisions\/10805"}],"wp:attachment":[{"href":"https:\/\/zakawatt.dz\/index.php\/wp-json\/wp\/v2\/media?parent=3169"}],"curies":[{"name":"wp","href":"https:\/\/api.w.org\/{rel}","templated":true}]}}