{"id":531,"date":"2016-06-15T00:24:04","date_gmt":"2016-06-15T00:24:04","guid":{"rendered":"http:\/\/demo.thembay.com\/megabuy2\/?page_id=531"},"modified":"2024-03-01T23:27:13","modified_gmt":"2024-03-01T23:27:13","slug":"zakawatt","status":"publish","type":"page","link":"https:\/\/zakawatt.dz\/index.php\/zakawatt\/","title":{"rendered":"Zakawatt"},"content":{"rendered":"\t\t<div data-elementor-type=\"wp-page\" data-elementor-id=\"531\" class=\"elementor elementor-531\">\n\t\t\t\t\t\t\t\t\t<section class=\"elementor-section elementor-top-section elementor-element elementor-element-74e1d5b7 elementor-section-stretched content-about elementor-section-boxed elementor-section-height-default elementor-section-height-default\" data-id=\"74e1d5b7\" data-element_type=\"section\" data-settings=\"{&quot;stretch_section&quot;:&quot;section-stretched&quot;,&quot;background_background&quot;:&quot;classic&quot;}\">\n\t\t\t\t\t\t<div class=\"elementor-container elementor-column-gap-default\">\n\t\t\t\t\t<div class=\"elementor-column elementor-col-100 elementor-top-column elementor-element elementor-element-5fa36155\" data-id=\"5fa36155\" data-element_type=\"column\" data-settings=\"{&quot;background_background&quot;:&quot;classic&quot;}\">\n\t\t\t<div class=\"elementor-widget-wrap elementor-element-populated\">\n\t\t\t\t\t\t\t\t<section class=\"elementor-section elementor-inner-section elementor-element elementor-element-637a8bbd elementor-section-boxed elementor-section-height-default elementor-section-height-default\" data-id=\"637a8bbd\" data-element_type=\"section\" data-settings=\"{&quot;background_background&quot;:&quot;classic&quot;}\">\n\t\t\t\t\t\t<div class=\"elementor-container elementor-column-gap-default\">\n\t\t\t\t\t<div class=\"elementor-column elementor-col-100 elementor-inner-column elementor-element elementor-element-6e43d64\" data-id=\"6e43d64\" data-element_type=\"column\">\n\t\t\t<div class=\"elementor-widget-wrap elementor-element-populated\">\n\t\t\t\t\t\t\t\t<div class=\"elementor-element elementor-element-939ace0 elementor-widget elementor-widget-heading\" data-id=\"939ace0\" data-element_type=\"widget\" data-widget_type=\"heading.default\">\n\t\t\t\t<div class=\"elementor-widget-container\">\n\t\t\t<style>\/*! elementor - v3.16.0 - 20-09-2023 *\/\n.elementor-heading-title{padding:0;margin:0;line-height:1}.elementor-widget-heading .elementor-heading-title[class*=elementor-size-]>a{color:inherit;font-size:inherit;line-height:inherit}.elementor-widget-heading .elementor-heading-title.elementor-size-small{font-size:15px}.elementor-widget-heading .elementor-heading-title.elementor-size-medium{font-size:19px}.elementor-widget-heading .elementor-heading-title.elementor-size-large{font-size:29px}.elementor-widget-heading .elementor-heading-title.elementor-size-xl{font-size:39px}.elementor-widget-heading .elementor-heading-title.elementor-size-xxl{font-size:59px}<\/style><h2 class=\"elementor-heading-title elementor-size-default\">Groupe ZakaWatt EG<\/h2>\t\t<\/div>\n\t\t\t\t<\/div>\n\t\t\t\t\t<\/div>\n\t\t<\/div>\n\t\t\t\t\t\t\t<\/div>\n\t\t<\/section>\n\t\t\t\t\t<\/div>\n\t\t<\/div>\n\t\t\t\t\t\t\t<\/div>\n\t\t<\/section>\n\t\t\t\t<section class=\"elementor-section elementor-top-section elementor-element elementor-element-84c262a elementor-section-boxed elementor-section-height-default elementor-section-height-default\" data-id=\"84c262a\" data-element_type=\"section\">\n\t\t\t\t\t\t<div class=\"elementor-container elementor-column-gap-default\">\n\t\t\t\t\t<div class=\"elementor-column elementor-col-100 elementor-top-column elementor-element elementor-element-da3ddaa\" data-id=\"da3ddaa\" data-element_type=\"column\">\n\t\t\t<div class=\"elementor-widget-wrap elementor-element-populated\">\n\t\t\t\t\t\t\t\t<section class=\"elementor-section elementor-inner-section elementor-element elementor-element-8cef92e elementor-section-boxed elementor-section-height-default elementor-section-height-default\" data-id=\"8cef92e\" data-element_type=\"section\">\n\t\t\t\t\t\t<div class=\"elementor-container elementor-column-gap-default\">\n\t\t\t\t\t<div class=\"elementor-column elementor-col-50 elementor-inner-column elementor-element elementor-element-5cd663e\" data-id=\"5cd663e\" data-element_type=\"column\">\n\t\t\t<div class=\"elementor-widget-wrap elementor-element-populated\">\n\t\t\t\t\t\t\t\t<div class=\"elementor-element elementor-element-43f95606 elementor-widget__width-initial elementor-widget elementor-widget-text-editor\" data-id=\"43f95606\" data-element_type=\"widget\" data-widget_type=\"text-editor.default\">\n\t\t\t\t<div class=\"elementor-widget-container\">\n\t\t\t<style>\/*! elementor - v3.16.0 - 20-09-2023 *\/\n.elementor-widget-text-editor.elementor-drop-cap-view-stacked .elementor-drop-cap{background-color:#69727d;color:#fff}.elementor-widget-text-editor.elementor-drop-cap-view-framed .elementor-drop-cap{color:#69727d;border:3px solid;background-color:transparent}.elementor-widget-text-editor:not(.elementor-drop-cap-view-default) .elementor-drop-cap{margin-top:8px}.elementor-widget-text-editor:not(.elementor-drop-cap-view-default) .elementor-drop-cap-letter{width:1em;height:1em}.elementor-widget-text-editor .elementor-drop-cap{float:left;text-align:center;line-height:1;font-size:50px}.elementor-widget-text-editor .elementor-drop-cap-letter{display:inline-block}<\/style>\t\t\t\t<p>Zakawatt EG, fond\u00e9e en avril 2014, est une entreprise de distribution professionnelle comptant plus de 30 employ\u00e9s. Sp\u00e9cialis\u00e9e dans la distribution de produits \u00e9lectriques basse et haute tension, y compris les appareils industriels, nous op\u00e9rons deux d\u00e9partements de distribution majeurs situ\u00e9s \u00e0 Alger et \u00e0 Oran. De plus, nous disposons d&#8217;une soci\u00e9t\u00e9 de commerce import-export.<\/p><p>Notre gamme de produits distribu\u00e9s est adapt\u00e9e aux entreprises industrielles, aux projets urbains et aux techniciens, respectant strictement les normes internationales IEC\/EN. Fiables et \u00e9conomiques, nos produits ont \u00e9t\u00e9 utilis\u00e9s dans des projets renomm\u00e9s tels que l&#8217;a\u00e9roport d&#8217;Alger et la Grande Mosqu\u00e9e d&#8217;Alger.<\/p><blockquote><p>Chez Zakawatt EG, nous accordons la priorit\u00e9 \u00e0 la s\u00e9curit\u00e9 et \u00e0 la fiabilit\u00e9 des clients.<\/p><\/blockquote><p>Forts d&#8217;une exp\u00e9rience riche et d&#8217;une \u00e9quipe professionnelle dynamique, nous nous engageons \u00e0 r\u00e9pondre aux pressions et aux d\u00e9fis de nos clients tout en cr\u00e9ant de la valeur pour eux. Nous nous effor\u00e7ons d&#8217;offrir les meilleurs services pratiques \u00e0 notre client\u00e8le.<\/p>\t\t\t\t\t\t<\/div>\n\t\t\t\t<\/div>\n\t\t\t\t\t<\/div>\n\t\t<\/div>\n\t\t\t\t<div class=\"elementor-column elementor-col-50 elementor-inner-column elementor-element elementor-element-0c207b7\" data-id=\"0c207b7\" data-element_type=\"column\">\n\t\t\t<div class=\"elementor-widget-wrap elementor-element-populated\">\n\t\t\t\t\t\t\t\t<div class=\"elementor-element elementor-element-5ccc0e6 elementor-widget elementor-widget-image\" data-id=\"5ccc0e6\" data-element_type=\"widget\" data-widget_type=\"image.default\">\n\t\t\t\t<div class=\"elementor-widget-container\">\n\t\t\t<style>\/*! elementor - v3.16.0 - 20-09-2023 *\/\n.elementor-widget-image{text-align:center}.elementor-widget-image a{display:inline-block}.elementor-widget-image a img[src$=\".svg\"]{width:48px}.elementor-widget-image img{vertical-align:middle;display:inline-block}<\/style>\t\t\t\t\t\t\t\t\t\t\t\t<img loading=\"lazy\" decoding=\"async\" width=\"578\" height=\"440\" src=\"https:\/\/zakawatt.dz\/wp-content\/uploads\/2018\/10\/Blog01-578x440.jpg\" class=\"attachment-large size-large wp-image-10222\" alt=\"\" \/>\t\t\t\t\t\t\t\t\t\t\t\t\t\t\t<\/div>\n\t\t\t\t<\/div>\n\t\t\t\t\t<\/div>\n\t\t<\/div>\n\t\t\t\t\t\t\t<\/div>\n\t\t<\/section>\n\t\t\t\t\t<\/div>\n\t\t<\/div>\n\t\t\t\t\t\t\t<\/div>\n\t\t<\/section>\n\t\t\t\t<section class=\"elementor-section elementor-top-section elementor-element elementor-element-23b9c5 elementor-section-stretched elementor-section-boxed elementor-section-height-default elementor-section-height-default\" data-id=\"23b9c5\" data-element_type=\"section\" data-settings=\"{&quot;stretch_section&quot;:&quot;section-stretched&quot;,&quot;background_background&quot;:&quot;classic&quot;}\">\n\t\t\t\t\t\t\t<div class=\"elementor-background-overlay\"><\/div>\n\t\t\t\t\t\t\t<div class=\"elementor-container elementor-column-gap-extended\">\n\t\t\t\t\t<div class=\"elementor-column elementor-col-100 elementor-top-column elementor-element elementor-element-2064a179\" data-id=\"2064a179\" data-element_type=\"column\">\n\t\t\t<div class=\"elementor-widget-wrap elementor-element-populated\">\n\t\t\t\t\t\t\t\t<section class=\"elementor-section elementor-inner-section elementor-element elementor-element-3fbbff4e elementor-section-boxed elementor-section-height-default elementor-section-height-default\" data-id=\"3fbbff4e\" data-element_type=\"section\">\n\t\t\t\t\t\t<div class=\"elementor-container elementor-column-gap-default\">\n\t\t\t\t\t<div class=\"elementor-column elementor-col-33 elementor-inner-column elementor-element elementor-element-49b4fad2\" data-id=\"49b4fad2\" data-element_type=\"column\">\n\t\t\t<div class=\"elementor-widget-wrap elementor-element-populated\">\n\t\t\t\t\t\t\t\t<div class=\"elementor-element elementor-element-2cc66884 elementor-widget elementor-widget-heading\" data-id=\"2cc66884\" data-element_type=\"widget\" data-widget_type=\"heading.default\">\n\t\t\t\t<div class=\"elementor-widget-container\">\n\t\t\t<h2 class=\"elementor-heading-title elementor-size-xl\">Nos<br> Domaines<\/h2>\t\t<\/div>\n\t\t\t\t<\/div>\n\t\t\t\t\t<\/div>\n\t\t<\/div>\n\t\t\t\t<div class=\"elementor-column elementor-col-33 elementor-inner-column elementor-element elementor-element-7177ae59\" data-id=\"7177ae59\" data-element_type=\"column\">\n\t\t\t<div class=\"elementor-widget-wrap elementor-element-populated\">\n\t\t\t\t\t\t\t\t<div class=\"elementor-element elementor-element-231cd56b elementor-widget elementor-widget-image\" data-id=\"231cd56b\" data-element_type=\"widget\" data-widget_type=\"image.default\">\n\t\t\t\t<div class=\"elementor-widget-container\">\n\t\t\t\t\t\t\t\t\t\t\t\t\t\t\t\t<a href=\"https:\/\/zakawatt.dz\/index.php\/shop\/\">\n\t\t\t\t\t\t\t<img loading=\"lazy\" decoding=\"async\" width=\"555\" height=\"352\" src=\"https:\/\/zakawatt.dz\/wp-content\/uploads\/2024\/03\/moyen-tesnsion.jpg\" class=\"elementor-animation-float attachment-large size-large wp-image-10710\" alt=\"\" \/>\t\t\t\t\t\t\t\t<\/a>\n\t\t\t\t\t\t\t\t\t\t\t\t\t\t\t<\/div>\n\t\t\t\t<\/div>\n\t\t\t\t<div class=\"elementor-element elementor-element-5059450f elementor-widget elementor-widget-heading\" data-id=\"5059450f\" data-element_type=\"widget\" data-widget_type=\"heading.default\">\n\t\t\t\t<div class=\"elementor-widget-container\">\n\t\t\t<h2 class=\"elementor-heading-title elementor-size-default\">Moyen tension<\/h2>\t\t<\/div>\n\t\t\t\t<\/div>\n\t\t\t\t\t<\/div>\n\t\t<\/div>\n\t\t\t\t<div class=\"elementor-column elementor-col-33 elementor-inner-column elementor-element elementor-element-41fa5ae3\" data-id=\"41fa5ae3\" data-element_type=\"column\">\n\t\t\t<div class=\"elementor-widget-wrap elementor-element-populated\">\n\t\t\t\t\t\t\t\t<div class=\"elementor-element elementor-element-63e5d194 elementor-widget elementor-widget-image\" data-id=\"63e5d194\" data-element_type=\"widget\" data-widget_type=\"image.default\">\n\t\t\t\t<div class=\"elementor-widget-container\">\n\t\t\t\t\t\t\t\t\t\t\t\t\t\t\t\t<a href=\"https:\/\/zakawatt.dz\/index.php\/shop\/\">\n\t\t\t\t\t\t\t<img loading=\"lazy\" decoding=\"async\" width=\"548\" height=\"346\" src=\"https:\/\/zakawatt.dz\/wp-content\/uploads\/2024\/03\/Appareillageindustriel.jpg\" class=\"elementor-animation-float attachment-full size-full wp-image-10708\" alt=\"\" \/>\t\t\t\t\t\t\t\t<\/a>\n\t\t\t\t\t\t\t\t\t\t\t\t\t\t\t<\/div>\n\t\t\t\t<\/div>\n\t\t\t\t<div class=\"elementor-element elementor-element-478291bc elementor-widget elementor-widget-heading\" data-id=\"478291bc\" data-element_type=\"widget\" data-widget_type=\"heading.default\">\n\t\t\t\t<div class=\"elementor-widget-container\">\n\t\t\t<h2 class=\"elementor-heading-title elementor-size-default\">Appareillage industriel <\/h2>\t\t<\/div>\n\t\t\t\t<\/div>\n\t\t\t\t\t<\/div>\n\t\t<\/div>\n\t\t\t\t\t\t\t<\/div>\n\t\t<\/section>\n\t\t\t\t<section class=\"elementor-section elementor-inner-section elementor-element elementor-element-850b30f elementor-section-boxed elementor-section-height-default elementor-section-height-default\" data-id=\"850b30f\" data-element_type=\"section\">\n\t\t\t\t\t\t<div class=\"elementor-container elementor-column-gap-default\">\n\t\t\t\t\t<div class=\"elementor-column elementor-col-33 elementor-inner-column elementor-element elementor-element-ec6a2bc\" data-id=\"ec6a2bc\" data-element_type=\"column\">\n\t\t\t<div class=\"elementor-widget-wrap elementor-element-populated\">\n\t\t\t\t\t\t\t\t<div class=\"elementor-element elementor-element-80389fd elementor-widget elementor-widget-image\" data-id=\"80389fd\" data-element_type=\"widget\" data-widget_type=\"image.default\">\n\t\t\t\t<div class=\"elementor-widget-container\">\n\t\t\t\t\t\t\t\t\t\t\t\t\t\t\t\t<a href=\"https:\/\/zakawatt.dz\/index.php\/shop\/\">\n\t\t\t\t\t\t\t<img loading=\"lazy\" decoding=\"async\" width=\"555\" height=\"351\" src=\"https:\/\/zakawatt.dz\/wp-content\/uploads\/2024\/03\/cables-et-fils.jpg\" class=\"elementor-animation-float attachment-full size-full wp-image-10711\" alt=\"\" \/>\t\t\t\t\t\t\t\t<\/a>\n\t\t\t\t\t\t\t\t\t\t\t\t\t\t\t<\/div>\n\t\t\t\t<\/div>\n\t\t\t\t<div class=\"elementor-element elementor-element-6cc0d20 elementor-widget elementor-widget-heading\" data-id=\"6cc0d20\" data-element_type=\"widget\" data-widget_type=\"heading.default\">\n\t\t\t\t<div class=\"elementor-widget-container\">\n\t\t\t<h2 class=\"elementor-heading-title elementor-size-default\">C\u00e2bles et fils <\/h2>\t\t<\/div>\n\t\t\t\t<\/div>\n\t\t\t\t\t<\/div>\n\t\t<\/div>\n\t\t\t\t<div class=\"elementor-column elementor-col-33 elementor-inner-column elementor-element elementor-element-1529d969\" data-id=\"1529d969\" data-element_type=\"column\">\n\t\t\t<div class=\"elementor-widget-wrap elementor-element-populated\">\n\t\t\t\t\t\t\t\t<div class=\"elementor-element elementor-element-7d87a891 elementor-widget elementor-widget-image\" data-id=\"7d87a891\" data-element_type=\"widget\" data-widget_type=\"image.default\">\n\t\t\t\t<div class=\"elementor-widget-container\">\n\t\t\t\t\t\t\t\t\t\t\t\t\t\t\t\t<a href=\"https:\/\/zakawatt.dz\/index.php\/shop\/\">\n\t\t\t\t\t\t\t<img loading=\"lazy\" decoding=\"async\" width=\"555\" height=\"351\" src=\"https:\/\/zakawatt.dz\/wp-content\/uploads\/2023\/12\/automatisme.jpg\" class=\"elementor-animation-float attachment-full size-full wp-image-10578\" alt=\"\" \/>\t\t\t\t\t\t\t\t<\/a>\n\t\t\t\t\t\t\t\t\t\t\t\t\t\t\t<\/div>\n\t\t\t\t<\/div>\n\t\t\t\t<div class=\"elementor-element elementor-element-45d1bc6e elementor-widget elementor-widget-heading\" data-id=\"45d1bc6e\" data-element_type=\"widget\" data-widget_type=\"heading.default\">\n\t\t\t\t<div class=\"elementor-widget-container\">\n\t\t\t<h2 class=\"elementor-heading-title elementor-size-default\">Automatisme <\/h2>\t\t<\/div>\n\t\t\t\t<\/div>\n\t\t\t\t\t<\/div>\n\t\t<\/div>\n\t\t\t\t<div class=\"elementor-column elementor-col-33 elementor-inner-column elementor-element elementor-element-3016eebe\" data-id=\"3016eebe\" data-element_type=\"column\">\n\t\t\t<div class=\"elementor-widget-wrap elementor-element-populated\">\n\t\t\t\t\t\t\t\t<div class=\"elementor-element elementor-element-7e18b39 elementor-widget elementor-widget-image\" data-id=\"7e18b39\" data-element_type=\"widget\" data-widget_type=\"image.default\">\n\t\t\t\t<div class=\"elementor-widget-container\">\n\t\t\t\t\t\t\t\t\t\t\t\t\t\t\t\t<a href=\"https:\/\/zakawatt.dz\/index.php\/shop\/\">\n\t\t\t\t\t\t\t<img loading=\"lazy\" decoding=\"async\" width=\"555\" height=\"350\" src=\"https:\/\/zakawatt.dz\/wp-content\/uploads\/2023\/12\/connecting.jpg\" class=\"elementor-animation-float attachment-full size-full wp-image-10579\" alt=\"\" \/>\t\t\t\t\t\t\t\t<\/a>\n\t\t\t\t\t\t\t\t\t\t\t\t\t\t\t<\/div>\n\t\t\t\t<\/div>\n\t\t\t\t<div class=\"elementor-element elementor-element-24a9d7ed elementor-widget elementor-widget-heading\" data-id=\"24a9d7ed\" data-element_type=\"widget\" data-widget_type=\"heading.default\">\n\t\t\t\t<div class=\"elementor-widget-container\">\n\t\t\t<h2 class=\"elementor-heading-title elementor-size-default\">Connecting<\/h2>\t\t<\/div>\n\t\t\t\t<\/div>\n\t\t\t\t\t<\/div>\n\t\t<\/div>\n\t\t\t\t\t\t\t<\/div>\n\t\t<\/section>\n\t\t\t\t\t<\/div>\n\t\t<\/div>\n\t\t\t\t\t\t\t<\/div>\n\t\t<\/section>\n\t\t\t\t<section class=\"elementor-section elementor-top-section elementor-element elementor-element-f7d5149 elementor-section-stretched elementor-section-full_width elementor-section-height-default elementor-section-height-default\" data-id=\"f7d5149\" data-element_type=\"section\" data-settings=\"{&quot;stretch_section&quot;:&quot;section-stretched&quot;}\">\n\t\t\t\t\t\t<div class=\"elementor-container elementor-column-gap-no\">\n\t\t\t\t\t<div class=\"elementor-column elementor-col-100 elementor-top-column elementor-element elementor-element-22d02a7\" data-id=\"22d02a7\" data-element_type=\"column\">\n\t\t\t<div class=\"elementor-widget-wrap elementor-element-populated\">\n\t\t\t\t\t\t\t\t<div class=\"elementor-element elementor-element-0925db5 elementor-widget elementor-widget-heading\" data-id=\"0925db5\" data-element_type=\"widget\" data-widget_type=\"heading.default\">\n\t\t\t\t<div class=\"elementor-widget-container\">\n\t\t\t<h2 class=\"elementor-heading-title elementor-size-default\">Nos Marques<\/h2>\t\t<\/div>\n\t\t\t\t<\/div>\n\t\t\t\t<div class=\"elementor-element elementor-element-cd4eae3 elementor-widget elementor-widget-tbay-brands\" data-id=\"cd4eae3\" data-element_type=\"widget\" data-widget_type=\"tbay-brands.default\">\n\t\t\t\t<div class=\"elementor-widget-container\">\n\t\t\t\r\n<div class=\"tbay-element tbay-addon tbay-addon-brands\">\r\n\r\n    \r\n    <div class=\"tbay-addon-content\">\r\n        <div class=\"brands rows-1 owl-carousel scroll-init\" data-carousel=\"owl\" data-items=\"6\" data-desktopslick=\"6\" data-desktopsmallslick=\"6\" data-tabletslick=\"4\" data-landscapeslick=\"2\" data-mobileslick=\"2\" data-rows=\"1\" data-nav=\"true\" data-pagination=\"false\" data-loop=\"true\" data-autospeed=\"2000\" data-auto=\"true\" data-unslick=\"false\">\r\n            \r\n             \r\n                <div class=\"item\">\r\n                     \r\n        <div class=\"inner\"> \r\n           \r\n                           <a href=\"#\" >\r\n                    <img loading=\"lazy\" decoding=\"async\" width=\"240\" height=\"80\" src=\"https:\/\/zakawatt.dz\/wp-content\/uploads\/2023\/08\/Siemens-Logo-.png\" class=\"attachment-full size-full\" alt=\"\" \/>                <\/a>\r\n            \r\n        <\/div>\r\n                        <\/div>\r\n            \r\n            \r\n             \r\n                <div class=\"item\">\r\n                     \r\n        <div class=\"inner\"> \r\n           \r\n                           <a href=\"#\" >\r\n                    <img loading=\"lazy\" decoding=\"async\" width=\"240\" height=\"80\" src=\"https:\/\/zakawatt.dz\/wp-content\/uploads\/2023\/12\/vteke-logo-.jpg\" class=\"attachment-full size-full\" alt=\"\" \/>                <\/a>\r\n            \r\n        <\/div>\r\n                        <\/div>\r\n            \r\n            \r\n             \r\n                <div class=\"item\">\r\n                     \r\n        <div class=\"inner\"> \r\n           \r\n                           <a href=\"#\" >\r\n                    <img loading=\"lazy\" decoding=\"async\" width=\"240\" height=\"79\" src=\"https:\/\/zakawatt.dz\/wp-content\/uploads\/2023\/12\/kaltes-loggo.jpg\" class=\"attachment-full size-full\" alt=\"\" \/>                <\/a>\r\n            \r\n        <\/div>\r\n                        <\/div>\r\n            \r\n            \r\n             \r\n                <div class=\"item\">\r\n                     \r\n        <div class=\"inner\"> \r\n           \r\n                           <a href=\"#\" >\r\n                    <img loading=\"lazy\" decoding=\"async\" width=\"240\" height=\"80\" src=\"https:\/\/zakawatt.dz\/wp-content\/uploads\/2023\/08\/ABB_logo.png\" class=\"attachment-full size-full\" alt=\"\" \/>                <\/a>\r\n            \r\n        <\/div>\r\n                        <\/div>\r\n            \r\n            \r\n             \r\n                <div class=\"item\">\r\n                     \r\n        <div class=\"inner\"> \r\n           \r\n                           <a href=\"#\" >\r\n                    <img loading=\"lazy\" decoding=\"async\" width=\"240\" height=\"80\" src=\"https:\/\/zakawatt.dz\/wp-content\/uploads\/2023\/12\/Fluke.jpg\" class=\"attachment-full size-full\" alt=\"\" \/>                <\/a>\r\n            \r\n        <\/div>\r\n                        <\/div>\r\n            \r\n            \r\n             \r\n                <div class=\"item\">\r\n                     \r\n        <div class=\"inner\"> \r\n           \r\n                           <a href=\"#\" >\r\n                    <img loading=\"lazy\" decoding=\"async\" width=\"240\" height=\"80\" src=\"https:\/\/zakawatt.dz\/wp-content\/uploads\/2023\/08\/Chnt-logo.png\" class=\"attachment-full size-full\" alt=\"\" \/>                <\/a>\r\n            \r\n        <\/div>\r\n                        <\/div>\r\n            \r\n                    <\/div>\r\n    <\/div>\r\n\r\n    <\/div>\t\t<\/div>\n\t\t\t\t<\/div>\n\t\t\t\t\t<\/div>\n\t\t<\/div>\n\t\t\t\t\t\t\t<\/div>\n\t\t<\/section>\n\t\t\t\t<section class=\"elementor-section elementor-top-section elementor-element elementor-element-f85f76e elementor-section-stretched elementor-section-boxed elementor-section-height-default elementor-section-height-default\" data-id=\"f85f76e\" data-element_type=\"section\" data-settings=\"{&quot;stretch_section&quot;:&quot;section-stretched&quot;,&quot;background_background&quot;:&quot;classic&quot;}\">\n\t\t\t\t\t\t\t<div class=\"elementor-background-overlay\"><\/div>\n\t\t\t\t\t\t\t<div class=\"elementor-container elementor-column-gap-extended\">\n\t\t\t\t\t<div class=\"elementor-column elementor-col-100 elementor-top-column elementor-element elementor-element-142353a\" data-id=\"142353a\" data-element_type=\"column\">\n\t\t\t<div class=\"elementor-widget-wrap\">\n\t\t\t\t\t\t\t\t\t<\/div>\n\t\t<\/div>\n\t\t\t\t\t\t\t<\/div>\n\t\t<\/section>\n\t\t\t\t\t\t\t<\/div>\n\t\t","protected":false},"excerpt":{"rendered":"<p>Groupe ZakaWatt EG Zakawatt EG, fond\u00e9e en avril 2014, est une entreprise de distribution professionnelle comptant plus de 30 employ\u00e9s. Sp\u00e9cialis\u00e9e dans la distribution de produits \u00e9lectriques basse et haute tension, y compris les appareils industriels, nous op\u00e9rons deux d\u00e9partements de distribution majeurs situ\u00e9s \u00e0 Alger et \u00e0 Oran. De plus, nous disposons d&#8217;une soci\u00e9t\u00e9 &hellip; <a href=\"https:\/\/zakawatt.dz\/index.php\/zakawatt\/\" class=\"more-link\">Continue reading <span class=\"screen-reader-text\">Zakawatt<\/span><\/a><\/p>\n","protected":false},"author":1,"featured_media":0,"parent":0,"menu_order":0,"comment_status":"closed","ping_status":"closed","template":"","meta":{"footnotes":""},"class_list":["post-531","page","type-page","status-publish","hentry"],"_links":{"self":[{"href":"https:\/\/zakawatt.dz\/index.php\/wp-json\/wp\/v2\/pages\/531","targetHints":{"allow":["GET"]}}],"collection":[{"href":"https:\/\/zakawatt.dz\/index.php\/wp-json\/wp\/v2\/pages"}],"about":[{"href":"https:\/\/zakawatt.dz\/index.php\/wp-json\/wp\/v2\/types\/page"}],"author":[{"embeddable":true,"href":"https:\/\/zakawatt.dz\/index.php\/wp-json\/wp\/v2\/users\/1"}],"replies":[{"embeddable":true,"href":"https:\/\/zakawatt.dz\/index.php\/wp-json\/wp\/v2\/comments?post=531"}],"version-history":[{"count":43,"href":"https:\/\/zakawatt.dz\/index.php\/wp-json\/wp\/v2\/pages\/531\/revisions"}],"predecessor-version":[{"id":10784,"href":"https:\/\/zakawatt.dz\/index.php\/wp-json\/wp\/v2\/pages\/531\/revisions\/10784"}],"wp:attachment":[{"href":"https:\/\/zakawatt.dz\/index.php\/wp-json\/wp\/v2\/media?parent=531"}],"curies":[{"name":"wp","href":"https:\/\/api.w.org\/{rel}","templated":true}]}}