{"id":9037,"date":"2023-08-08T17:47:00","date_gmt":"2023-08-08T17:47:00","guid":{"rendered":"https:\/\/zakawatt.dz\/Staging\/?post_type=product&#038;p=9037"},"modified":"2023-08-08T17:47:01","modified_gmt":"2023-08-08T17:47:01","slug":"disjoncteur-miniature-nb1","status":"publish","type":"product","link":"https:\/\/zakawatt.dz\/index.php\/product\/disjoncteur-miniature-nb1\/","title":{"rendered":"Disjoncteur Miniature NB1"},"content":{"rendered":"<p>Disjoncteur miniature, disponible uniquement pour les ventes dans les \u00c9tats de la Communaut\u00e9 des \u00c9tats ind\u00e9pendants, est principalement utilis\u00e9 dans le circuit AC 50Hz \/ 60Hz, une tension nominale de 400V et moins, un courant nominal de 60A et plus bas, pour d\u00e9clencher une protection contre les surcharges et les courts-circuits. Il peut \u00e9galement \u00e9teindre ou \u00e9teindre l&#8217;appareil \u00e9lectrique et le circuit d&#8217;\u00e9clairage rarement dans des conditions normales, mais ne s&#8217;applique pas pour une protection directe de haute sensibilit\u00e9 et une charge capacitive \u00e9lev\u00e9e d&#8217;\u00e9quipement moteur et \u00e9lectrique, des armoires de condensateurs, etc.<\/p>\n","protected":false},"excerpt":{"rendered":"<p>Protection des c\u00e2bles et des \u00e9quipements contre les surcharges et les courts-circuits<\/p>\n","protected":false},"featured_media":9065,"comment_status":"closed","ping_status":"closed","template":"","meta":[],"product_brand":[],"product_cat":[128],"product_tag":[],"class_list":{"0":"post-9037","1":"product","2":"type-product","3":"status-publish","4":"has-post-thumbnail","6":"product_cat-appareillage-et-accessoires","9":"instock","10":"shipping-taxable","11":"product-type-simple"},"_links":{"self":[{"href":"https:\/\/zakawatt.dz\/index.php\/wp-json\/wp\/v2\/product\/9037","targetHints":{"allow":["GET"]}}],"collection":[{"href":"https:\/\/zakawatt.dz\/index.php\/wp-json\/wp\/v2\/product"}],"about":[{"href":"https:\/\/zakawatt.dz\/index.php\/wp-json\/wp\/v2\/types\/product"}],"replies":[{"embeddable":true,"href":"https:\/\/zakawatt.dz\/index.php\/wp-json\/wp\/v2\/comments?post=9037"}],"wp:featuredmedia":[{"embeddable":true,"href":"https:\/\/zakawatt.dz\/index.php\/wp-json\/wp\/v2\/media\/9065"}],"wp:attachment":[{"href":"https:\/\/zakawatt.dz\/index.php\/wp-json\/wp\/v2\/media?parent=9037"}],"wp:term":[{"taxonomy":"product_brand","embeddable":true,"href":"https:\/\/zakawatt.dz\/index.php\/wp-json\/wp\/v2\/product_brand?post=9037"},{"taxonomy":"product_cat","embeddable":true,"href":"https:\/\/zakawatt.dz\/index.php\/wp-json\/wp\/v2\/product_cat?post=9037"},{"taxonomy":"product_tag","embeddable":true,"href":"https:\/\/zakawatt.dz\/index.php\/wp-json\/wp\/v2\/product_tag?post=9037"}],"curies":[{"name":"wp","href":"https:\/\/api.w.org\/{rel}","templated":true}]}}