{"id":9047,"date":"2023-08-08T17:47:00","date_gmt":"2023-08-08T17:47:00","guid":{"rendered":"https:\/\/zakawatt.dz\/Staging\/?post_type=product&#038;p=9047"},"modified":"2023-08-08T17:47:03","modified_gmt":"2023-08-08T17:47:03","slug":"lampe-economique-torch","status":"publish","type":"product","link":"https:\/\/zakawatt.dz\/index.php\/product\/lampe-economique-torch\/","title":{"rendered":"Lampe \u00e9conomique  TORCH"},"content":{"rendered":"<p>&#8216;- Marque: TORCH &#8211; Pays de fabrication :chine &#8211; Produit de haute qualit\u00e9 &#8211; Dur\u00e9e de vie : 8000 heure &#8211; Voltage : 170v\/240v &#8211; Domaine d&#8217;application : maison , bureau , restaurant, atelier, h\u00f4tel, th\u00e9\u00e2tre , mus\u00e9e, centre commercial, mus\u00e9e&#8230;&#8217;<\/p>\n","protected":false},"excerpt":{"rendered":"<p>Lampe \u00e9conomique<\/p>\n","protected":false},"featured_media":9083,"comment_status":"closed","ping_status":"closed","template":"","meta":[],"product_brand":[],"product_cat":[132,133,131],"product_tag":[],"class_list":{"0":"post-9047","1":"product","2":"type-product","3":"status-publish","4":"has-post-thumbnail","6":"product_cat-eclairage-batiment","7":"product_cat-lampe-economique","8":"product_cat-luminaire-et-eclairage","11":"instock","12":"shipping-taxable","13":"purchasable","14":"product-type-simple"},"_links":{"self":[{"href":"https:\/\/zakawatt.dz\/index.php\/wp-json\/wp\/v2\/product\/9047","targetHints":{"allow":["GET"]}}],"collection":[{"href":"https:\/\/zakawatt.dz\/index.php\/wp-json\/wp\/v2\/product"}],"about":[{"href":"https:\/\/zakawatt.dz\/index.php\/wp-json\/wp\/v2\/types\/product"}],"replies":[{"embeddable":true,"href":"https:\/\/zakawatt.dz\/index.php\/wp-json\/wp\/v2\/comments?post=9047"}],"wp:featuredmedia":[{"embeddable":true,"href":"https:\/\/zakawatt.dz\/index.php\/wp-json\/wp\/v2\/media\/9083"}],"wp:attachment":[{"href":"https:\/\/zakawatt.dz\/index.php\/wp-json\/wp\/v2\/media?parent=9047"}],"wp:term":[{"taxonomy":"product_brand","embeddable":true,"href":"https:\/\/zakawatt.dz\/index.php\/wp-json\/wp\/v2\/product_brand?post=9047"},{"taxonomy":"product_cat","embeddable":true,"href":"https:\/\/zakawatt.dz\/index.php\/wp-json\/wp\/v2\/product_cat?post=9047"},{"taxonomy":"product_tag","embeddable":true,"href":"https:\/\/zakawatt.dz\/index.php\/wp-json\/wp\/v2\/product_tag?post=9047"}],"curies":[{"name":"wp","href":"https:\/\/api.w.org\/{rel}","templated":true}]}}