{"id":9055,"date":"2023-08-08T17:47:00","date_gmt":"2023-08-08T17:47:00","guid":{"rendered":"https:\/\/zakawatt.dz\/Staging\/?post_type=product&#038;p=9055"},"modified":"2023-08-08T17:47:06","modified_gmt":"2023-08-08T17:47:06","slug":"disjoncteur-tetrapolaire-chint","status":"publish","type":"product","link":"https:\/\/zakawatt.dz\/index.php\/product\/disjoncteur-tetrapolaire-chint\/","title":{"rendered":"Disjoncteur Tetrapolaire Chint"},"content":{"rendered":"<p>LE ROLE Protection des circuits contre les courants de court-circuit, protection des circuits contre les courants de surcharge, commutateur, isolement. SELECTION Donn\u00e9es techniques du r\u00e9seau au point consid\u00e9r\u00e9:les syst\u00e8mes de mise \u00e0 la terre (TNS, TNC)courant de court-circuit au point d&#8217;installation du disjoncteur,qui doit toujours \u00eatre inf\u00e9rieur \u00e0 la capacit\u00e9 de rupture decet appareil, tension normale du r\u00e9seau. TEMPERATURE DE DEGAGEMENT Le courant maximal admissible dans un disjoncteur d\u00e9pend de la temp\u00e9rature ambiante o\u00f9 le disjoncteur estmis. La temp\u00e9rature ambiante est la temp\u00e9rature \u00e0 l&#8217;int\u00e9rieur de l&#8217;enceinte ou du tableau de distribution dans lequel les disjoncteurs sont install\u00e9s.La temp\u00e9rature de r\u00e9f\u00e9rence est de 30 \u2103 FICHE TECHNIQUE &#8230;<\/p>\n","protected":false},"excerpt":{"rendered":"<p>Disjoncteur modulaire famille : MCB Marque: CHINT nombre de poles : 4 pouvoire de coupure : 3KA (ampergae inf\u00e9rieur \u00e0 80) , 6KA (ampergae superieur ou \u00e9gale \u00e0 80) pays de fabrication : Chine<\/p>\n","protected":false},"featured_media":9096,"comment_status":"closed","ping_status":"closed","template":"","meta":[],"product_brand":[],"product_cat":[128,135,136],"product_tag":[],"class_list":{"0":"post-9055","1":"product","2":"type-product","3":"status-publish","4":"has-post-thumbnail","6":"product_cat-appareillage-et-accessoires","7":"product_cat-appareillage-industriel","8":"product_cat-disjoncteur","11":"instock","12":"shipping-taxable","13":"product-type-simple"},"_links":{"self":[{"href":"https:\/\/zakawatt.dz\/index.php\/wp-json\/wp\/v2\/product\/9055","targetHints":{"allow":["GET"]}}],"collection":[{"href":"https:\/\/zakawatt.dz\/index.php\/wp-json\/wp\/v2\/product"}],"about":[{"href":"https:\/\/zakawatt.dz\/index.php\/wp-json\/wp\/v2\/types\/product"}],"replies":[{"embeddable":true,"href":"https:\/\/zakawatt.dz\/index.php\/wp-json\/wp\/v2\/comments?post=9055"}],"wp:featuredmedia":[{"embeddable":true,"href":"https:\/\/zakawatt.dz\/index.php\/wp-json\/wp\/v2\/media\/9096"}],"wp:attachment":[{"href":"https:\/\/zakawatt.dz\/index.php\/wp-json\/wp\/v2\/media?parent=9055"}],"wp:term":[{"taxonomy":"product_brand","embeddable":true,"href":"https:\/\/zakawatt.dz\/index.php\/wp-json\/wp\/v2\/product_brand?post=9055"},{"taxonomy":"product_cat","embeddable":true,"href":"https:\/\/zakawatt.dz\/index.php\/wp-json\/wp\/v2\/product_cat?post=9055"},{"taxonomy":"product_tag","embeddable":true,"href":"https:\/\/zakawatt.dz\/index.php\/wp-json\/wp\/v2\/product_tag?post=9055"}],"curies":[{"name":"wp","href":"https:\/\/api.w.org\/{rel}","templated":true}]}}