{"id":9057,"date":"2023-08-08T17:47:00","date_gmt":"2023-08-08T17:47:00","guid":{"rendered":"https:\/\/zakawatt.dz\/Staging\/?post_type=product&#038;p=9057"},"modified":"2023-08-08T17:47:07","modified_gmt":"2023-08-08T17:47:07","slug":"cable-rigid-3x","status":"publish","type":"product","link":"https:\/\/zakawatt.dz\/index.php\/product\/cable-rigid-3x\/","title":{"rendered":"C\u00e2ble RIGID 3X"},"content":{"rendered":"<p>C\u00e2ble 3X Conseils d&#8217;utilisation : Usage : Cordon d&#8217;alimentation ou prolongateur avec terre. sp\u00e9cial chantiers ext\u00e9rieurs. Puissance : jusqu&#8217;\u00e0 5750W.<\/p>\n","protected":false},"excerpt":{"rendered":"<p>C\u00e2ble 3X Conseils d&#8217;utilisation : Usage : Cordon d&#8217;alimentation ou prolongateur avec terre. sp\u00e9cial chantiers ext\u00e9rieurs. Puissance : jusqu&#8217;\u00e0 5750W.<\/p>\n","protected":false},"featured_media":9100,"comment_status":"closed","ping_status":"closed","template":"","meta":[],"product_brand":[],"product_cat":[137],"product_tag":[],"class_list":{"0":"post-9057","1":"product","2":"type-product","3":"status-publish","4":"has-post-thumbnail","6":"product_cat-cables-electrique","9":"instock","10":"shipping-taxable","11":"product-type-simple"},"_links":{"self":[{"href":"https:\/\/zakawatt.dz\/index.php\/wp-json\/wp\/v2\/product\/9057","targetHints":{"allow":["GET"]}}],"collection":[{"href":"https:\/\/zakawatt.dz\/index.php\/wp-json\/wp\/v2\/product"}],"about":[{"href":"https:\/\/zakawatt.dz\/index.php\/wp-json\/wp\/v2\/types\/product"}],"replies":[{"embeddable":true,"href":"https:\/\/zakawatt.dz\/index.php\/wp-json\/wp\/v2\/comments?post=9057"}],"wp:featuredmedia":[{"embeddable":true,"href":"https:\/\/zakawatt.dz\/index.php\/wp-json\/wp\/v2\/media\/9100"}],"wp:attachment":[{"href":"https:\/\/zakawatt.dz\/index.php\/wp-json\/wp\/v2\/media?parent=9057"}],"wp:term":[{"taxonomy":"product_brand","embeddable":true,"href":"https:\/\/zakawatt.dz\/index.php\/wp-json\/wp\/v2\/product_brand?post=9057"},{"taxonomy":"product_cat","embeddable":true,"href":"https:\/\/zakawatt.dz\/index.php\/wp-json\/wp\/v2\/product_cat?post=9057"},{"taxonomy":"product_tag","embeddable":true,"href":"https:\/\/zakawatt.dz\/index.php\/wp-json\/wp\/v2\/product_tag?post=9057"}],"curies":[{"name":"wp","href":"https:\/\/api.w.org\/{rel}","templated":true}]}}