{"id":9063,"date":"2023-08-08T17:47:00","date_gmt":"2023-08-08T17:47:00","guid":{"rendered":"https:\/\/zakawatt.dz\/Staging\/?post_type=product&#038;p=9063"},"modified":"2023-08-08T17:47:07","modified_gmt":"2023-08-08T17:47:07","slug":"discontacteur-drt-chint","status":"publish","type":"product","link":"https:\/\/zakawatt.dz\/index.php\/product\/discontacteur-drt-chint\/","title":{"rendered":"Discontacteur DRT CHINT"},"content":{"rendered":"<p>Altitude &lt;= 2000m, Temp\u00e9rature ambiante: -5\u00b0C~  40\u00b0C, Tensions nominales de controle (AC 50Hz): 24V, 36V, 48V, 110V, 127V, 220V, 380V, 415V. Dur\u00e9 de vie m\u00e9canique: 1 000 000 cycles; Dur\u00e9 de vie \u00e9lectrique: 500 000 cycles; IP55<\/p>\n","protected":false},"excerpt":{"rendered":"<p>S\u00e9rie NQ3 de D\u00e9marreurs \u00c9lectromagn\u00e9tiques principalement utilis\u00e9e pour les circuits AC 50Hz (ou 60Hz), tension nominale 690V et puissance nominale contr\u00f4l\u00e9e jusqu&#8217;\u00e0 11kw (courant jusqu&#8217;\u00e0 22A) utilis\u00e9 pour le contr\u00f4le du d\u00e9marrage direct et de l\u2019arr\u00eat des moteurs pour les prot\u00e9ger contre les surcharges et les d\u00e9fauts de phases.<\/p>\n","protected":false},"featured_media":9071,"comment_status":"closed","ping_status":"closed","template":"","meta":[],"product_brand":[],"product_cat":[135],"product_tag":[],"class_list":{"0":"post-9063","1":"product","2":"type-product","3":"status-publish","4":"has-post-thumbnail","6":"product_cat-appareillage-industriel","9":"outofstock","10":"shipping-taxable","11":"product-type-simple"},"_links":{"self":[{"href":"https:\/\/zakawatt.dz\/index.php\/wp-json\/wp\/v2\/product\/9063","targetHints":{"allow":["GET"]}}],"collection":[{"href":"https:\/\/zakawatt.dz\/index.php\/wp-json\/wp\/v2\/product"}],"about":[{"href":"https:\/\/zakawatt.dz\/index.php\/wp-json\/wp\/v2\/types\/product"}],"replies":[{"embeddable":true,"href":"https:\/\/zakawatt.dz\/index.php\/wp-json\/wp\/v2\/comments?post=9063"}],"wp:featuredmedia":[{"embeddable":true,"href":"https:\/\/zakawatt.dz\/index.php\/wp-json\/wp\/v2\/media\/9071"}],"wp:attachment":[{"href":"https:\/\/zakawatt.dz\/index.php\/wp-json\/wp\/v2\/media?parent=9063"}],"wp:term":[{"taxonomy":"product_brand","embeddable":true,"href":"https:\/\/zakawatt.dz\/index.php\/wp-json\/wp\/v2\/product_brand?post=9063"},{"taxonomy":"product_cat","embeddable":true,"href":"https:\/\/zakawatt.dz\/index.php\/wp-json\/wp\/v2\/product_cat?post=9063"},{"taxonomy":"product_tag","embeddable":true,"href":"https:\/\/zakawatt.dz\/index.php\/wp-json\/wp\/v2\/product_tag?post=9063"}],"curies":[{"name":"wp","href":"https:\/\/api.w.org\/{rel}","templated":true}]}}