{"id":9116,"date":"2023-08-08T17:47:08","date_gmt":"2023-08-08T17:47:08","guid":{"rendered":"https:\/\/zakawatt.dz\/Staging\/?post_type=product&#038;p=9116"},"modified":"2023-08-08T17:47:10","modified_gmt":"2023-08-08T17:47:10","slug":"variateur-de-vitesse","status":"publish","type":"product","link":"https:\/\/zakawatt.dz\/index.php\/product\/variateur-de-vitesse\/","title":{"rendered":"Variateur de Vitesse"},"content":{"rendered":"<p>Variateur de vitesse est un convertisseur de fr\u00e9quence auto-d\u00e9velopp\u00e9s, facile \u00e0 utiliser et \u00e0 haute et moyenne intensit\u00e9, qui peuvent d\u00e9marrer \u00e0 basse fr\u00e9quence avec leurs couples jusqu&#8217;\u00e0 150% de performance. Cette s\u00e9rie dispose d&#8217;une capacit\u00e9 de charge \u00e9lev\u00e9e, de couples de levage automatiques<\/p>\n","protected":false},"excerpt":{"rendered":"<p>variateur de vitesse<\/p>\n","protected":false},"featured_media":9148,"comment_status":"closed","ping_status":"closed","template":"","meta":[],"product_brand":[],"product_cat":[135],"product_tag":[],"class_list":{"0":"post-9116","1":"product","2":"type-product","3":"status-publish","4":"has-post-thumbnail","6":"product_cat-appareillage-industriel","9":"instock","10":"shipping-taxable","11":"product-type-simple"},"_links":{"self":[{"href":"https:\/\/zakawatt.dz\/index.php\/wp-json\/wp\/v2\/product\/9116","targetHints":{"allow":["GET"]}}],"collection":[{"href":"https:\/\/zakawatt.dz\/index.php\/wp-json\/wp\/v2\/product"}],"about":[{"href":"https:\/\/zakawatt.dz\/index.php\/wp-json\/wp\/v2\/types\/product"}],"replies":[{"embeddable":true,"href":"https:\/\/zakawatt.dz\/index.php\/wp-json\/wp\/v2\/comments?post=9116"}],"wp:featuredmedia":[{"embeddable":true,"href":"https:\/\/zakawatt.dz\/index.php\/wp-json\/wp\/v2\/media\/9148"}],"wp:attachment":[{"href":"https:\/\/zakawatt.dz\/index.php\/wp-json\/wp\/v2\/media?parent=9116"}],"wp:term":[{"taxonomy":"product_brand","embeddable":true,"href":"https:\/\/zakawatt.dz\/index.php\/wp-json\/wp\/v2\/product_brand?post=9116"},{"taxonomy":"product_cat","embeddable":true,"href":"https:\/\/zakawatt.dz\/index.php\/wp-json\/wp\/v2\/product_cat?post=9116"},{"taxonomy":"product_tag","embeddable":true,"href":"https:\/\/zakawatt.dz\/index.php\/wp-json\/wp\/v2\/product_tag?post=9116"}],"curies":[{"name":"wp","href":"https:\/\/api.w.org\/{rel}","templated":true}]}}