{"id":9117,"date":"2023-08-08T17:47:08","date_gmt":"2023-08-08T17:47:08","guid":{"rendered":"https:\/\/zakawatt.dz\/Staging\/?post_type=product&#038;p=9117"},"modified":"2023-08-08T17:47:11","modified_gmt":"2023-08-08T17:47:11","slug":"voyant-led-chint","status":"publish","type":"product","link":"https:\/\/zakawatt.dz\/index.php\/product\/voyant-led-chint\/","title":{"rendered":"Voyant LED CHINT"},"content":{"rendered":"<p>Le r\u00f4le de voyants Lumineux : L\u2019interrupteur \u00e0 voyant lumineux est pratique, utile et astucieux. Il permet de rep\u00e9rer rapidement et facilement l\u2019interrupteur (ou commande d\u2019\u00e9clairage) dans les zones de p\u00e9nombre ou dans le noir. Le voyant lumineux reste donc allum\u00e9 tout le temps. Caract\u00e9ristique : 1. La temp\u00e9rature est de -5\u00baC \u02dc 35\u00baC. 2. Altitude :\u22642000m. 3. Condition atmosph\u00e9rique : l\u2019humidit\u00e9 relative ne doit pas d\u00e9passer 50% quand la temp\u00e9rature est de  40\u00baC. 4. Degr\u00e9 de protection : 3.IP65. 5. Cat\u00e9gorie de surtension : III.<\/p>\n","protected":false},"excerpt":{"rendered":"<p>Marque: CHINT pays de fabrication : Chine Couleur disponible : Rouge,Vert,Bleu,Blanc,Jaune Voltage disponible: 24 et 220 Volt<\/p>\n","protected":false},"featured_media":9150,"comment_status":"closed","ping_status":"closed","template":"","meta":[],"product_brand":[],"product_cat":[128,135],"product_tag":[],"class_list":{"0":"post-9117","1":"product","2":"type-product","3":"status-publish","4":"has-post-thumbnail","6":"product_cat-appareillage-et-accessoires","7":"product_cat-appareillage-industriel","10":"instock","11":"shipping-taxable","12":"product-type-simple"},"_links":{"self":[{"href":"https:\/\/zakawatt.dz\/index.php\/wp-json\/wp\/v2\/product\/9117","targetHints":{"allow":["GET"]}}],"collection":[{"href":"https:\/\/zakawatt.dz\/index.php\/wp-json\/wp\/v2\/product"}],"about":[{"href":"https:\/\/zakawatt.dz\/index.php\/wp-json\/wp\/v2\/types\/product"}],"replies":[{"embeddable":true,"href":"https:\/\/zakawatt.dz\/index.php\/wp-json\/wp\/v2\/comments?post=9117"}],"wp:featuredmedia":[{"embeddable":true,"href":"https:\/\/zakawatt.dz\/index.php\/wp-json\/wp\/v2\/media\/9150"}],"wp:attachment":[{"href":"https:\/\/zakawatt.dz\/index.php\/wp-json\/wp\/v2\/media?parent=9117"}],"wp:term":[{"taxonomy":"product_brand","embeddable":true,"href":"https:\/\/zakawatt.dz\/index.php\/wp-json\/wp\/v2\/product_brand?post=9117"},{"taxonomy":"product_cat","embeddable":true,"href":"https:\/\/zakawatt.dz\/index.php\/wp-json\/wp\/v2\/product_cat?post=9117"},{"taxonomy":"product_tag","embeddable":true,"href":"https:\/\/zakawatt.dz\/index.php\/wp-json\/wp\/v2\/product_tag?post=9117"}],"curies":[{"name":"wp","href":"https:\/\/api.w.org\/{rel}","templated":true}]}}