{"id":9127,"date":"2023-08-08T17:47:08","date_gmt":"2023-08-08T17:47:08","guid":{"rendered":"https:\/\/zakawatt.dz\/Staging\/?post_type=product&#038;p=9127"},"modified":"2023-08-08T17:47:15","modified_gmt":"2023-08-08T17:47:15","slug":"bouton-poussoir-chint","status":"publish","type":"product","link":"https:\/\/zakawatt.dz\/index.php\/product\/bouton-poussoir-chint\/","title":{"rendered":"Bouton poussoir CHINT"},"content":{"rendered":"<p>La temp\u00e9rature ambiante est de -5\u2103~ 40 , la moyenne durant 24 heures ne doit pas d\u00e9passer  35\u2103. Altitude: \u22642000m. Condition ambiante: l\u2019humidit\u00e9 relative ne doit d\u00e9passer 50% quand la temp\u00e9rature est de  40\u2103; une humidit\u00e9 plus haute peut \u00eatre tol\u00e9rable \u00e0 des temp\u00e9ratures plus faibles, par exemple, \u00e0 la temp\u00e9rature de  20\u2103,l\u2019humidit\u00e9 relative sera de 90%. Il faut tenir compte du point de ros\u00e9e . Degr\u00e9 de pollution: 3. Cat\u00e9gorie de surtension: \u2161<\/p>\n","protected":false},"excerpt":{"rendered":"<p>Grandeurs \u00e9lectriques: AC50\/60Hz, AC380V\/DC220V; Degr\u00e9 de protection: IP40<\/p>\n","protected":false},"featured_media":9172,"comment_status":"closed","ping_status":"closed","template":"","meta":[],"product_brand":[],"product_cat":[141],"product_tag":[],"class_list":{"0":"post-9127","1":"product","2":"type-product","3":"status-publish","4":"has-post-thumbnail","6":"product_cat-bouton-poussoir-et-leurs-accessoires","9":"instock","10":"shipping-taxable","11":"product-type-simple"},"_links":{"self":[{"href":"https:\/\/zakawatt.dz\/index.php\/wp-json\/wp\/v2\/product\/9127","targetHints":{"allow":["GET"]}}],"collection":[{"href":"https:\/\/zakawatt.dz\/index.php\/wp-json\/wp\/v2\/product"}],"about":[{"href":"https:\/\/zakawatt.dz\/index.php\/wp-json\/wp\/v2\/types\/product"}],"replies":[{"embeddable":true,"href":"https:\/\/zakawatt.dz\/index.php\/wp-json\/wp\/v2\/comments?post=9127"}],"wp:featuredmedia":[{"embeddable":true,"href":"https:\/\/zakawatt.dz\/index.php\/wp-json\/wp\/v2\/media\/9172"}],"wp:attachment":[{"href":"https:\/\/zakawatt.dz\/index.php\/wp-json\/wp\/v2\/media?parent=9127"}],"wp:term":[{"taxonomy":"product_brand","embeddable":true,"href":"https:\/\/zakawatt.dz\/index.php\/wp-json\/wp\/v2\/product_brand?post=9127"},{"taxonomy":"product_cat","embeddable":true,"href":"https:\/\/zakawatt.dz\/index.php\/wp-json\/wp\/v2\/product_cat?post=9127"},{"taxonomy":"product_tag","embeddable":true,"href":"https:\/\/zakawatt.dz\/index.php\/wp-json\/wp\/v2\/product_tag?post=9127"}],"curies":[{"name":"wp","href":"https:\/\/api.w.org\/{rel}","templated":true}]}}