{"id":9128,"date":"2023-08-08T17:47:08","date_gmt":"2023-08-08T17:47:08","guid":{"rendered":"https:\/\/zakawatt.dz\/Staging\/?post_type=product&#038;p=9128"},"modified":"2023-08-08T17:47:15","modified_gmt":"2023-08-08T17:47:15","slug":"commutateur-chint","status":"publish","type":"product","link":"https:\/\/zakawatt.dz\/index.php\/product\/commutateur-chint\/","title":{"rendered":"Commutateur Chint"},"content":{"rendered":"<p>Marque: chint pays de fabrication: chine Applicable pour les circuits de control industriel et pour control des starters \u00e9lectromagn\u00e9tiques ,les relais , les contacteurs et d&#8217;autre \u00e9quipements \u00e9lectriques.<\/p>\n","protected":false},"excerpt":{"rendered":"<p>Applicable pour les circuits de control industriel.<\/p>\n","protected":false},"featured_media":9178,"comment_status":"closed","ping_status":"closed","template":"","meta":[],"product_brand":[],"product_cat":[128,135,142],"product_tag":[],"class_list":{"0":"post-9128","1":"product","2":"type-product","3":"status-publish","4":"has-post-thumbnail","6":"product_cat-appareillage-et-accessoires","7":"product_cat-appareillage-industriel","8":"product_cat-commutateur","11":"instock","12":"shipping-taxable","13":"product-type-simple"},"_links":{"self":[{"href":"https:\/\/zakawatt.dz\/index.php\/wp-json\/wp\/v2\/product\/9128","targetHints":{"allow":["GET"]}}],"collection":[{"href":"https:\/\/zakawatt.dz\/index.php\/wp-json\/wp\/v2\/product"}],"about":[{"href":"https:\/\/zakawatt.dz\/index.php\/wp-json\/wp\/v2\/types\/product"}],"replies":[{"embeddable":true,"href":"https:\/\/zakawatt.dz\/index.php\/wp-json\/wp\/v2\/comments?post=9128"}],"wp:featuredmedia":[{"embeddable":true,"href":"https:\/\/zakawatt.dz\/index.php\/wp-json\/wp\/v2\/media\/9178"}],"wp:attachment":[{"href":"https:\/\/zakawatt.dz\/index.php\/wp-json\/wp\/v2\/media?parent=9128"}],"wp:term":[{"taxonomy":"product_brand","embeddable":true,"href":"https:\/\/zakawatt.dz\/index.php\/wp-json\/wp\/v2\/product_brand?post=9128"},{"taxonomy":"product_cat","embeddable":true,"href":"https:\/\/zakawatt.dz\/index.php\/wp-json\/wp\/v2\/product_cat?post=9128"},{"taxonomy":"product_tag","embeddable":true,"href":"https:\/\/zakawatt.dz\/index.php\/wp-json\/wp\/v2\/product_tag?post=9128"}],"curies":[{"name":"wp","href":"https:\/\/api.w.org\/{rel}","templated":true}]}}