{"id":9129,"date":"2023-08-08T17:47:09","date_gmt":"2023-08-08T17:47:09","guid":{"rendered":"https:\/\/zakawatt.dz\/Staging\/?post_type=product&#038;p=9129"},"modified":"2023-08-08T17:47:15","modified_gmt":"2023-08-08T17:47:15","slug":"commutateur-a-cle","status":"publish","type":"product","link":"https:\/\/zakawatt.dz\/index.php\/product\/commutateur-a-cle\/","title":{"rendered":"Commutateur \u00e0 cl\u00e9"},"content":{"rendered":"<p>Marque: chint pays de fabrication: chine Applicable pour les circuits de control industriel et pour control des starters \u00e9lectromagn\u00e9tiques ,les relais , les contacteurs et d&#8217;autre \u00e9quipements \u00e9lectriques.<\/p>\n","protected":false},"excerpt":{"rendered":"<p>Applicable pour les circuits de control industriel.<\/p>\n","protected":false},"featured_media":9180,"comment_status":"closed","ping_status":"closed","template":"","meta":[],"product_brand":[],"product_cat":[135,142],"product_tag":[],"class_list":{"0":"post-9129","1":"product","2":"type-product","3":"status-publish","4":"has-post-thumbnail","6":"product_cat-appareillage-industriel","7":"product_cat-commutateur","10":"instock","11":"shipping-taxable","12":"product-type-simple"},"_links":{"self":[{"href":"https:\/\/zakawatt.dz\/index.php\/wp-json\/wp\/v2\/product\/9129","targetHints":{"allow":["GET"]}}],"collection":[{"href":"https:\/\/zakawatt.dz\/index.php\/wp-json\/wp\/v2\/product"}],"about":[{"href":"https:\/\/zakawatt.dz\/index.php\/wp-json\/wp\/v2\/types\/product"}],"replies":[{"embeddable":true,"href":"https:\/\/zakawatt.dz\/index.php\/wp-json\/wp\/v2\/comments?post=9129"}],"wp:featuredmedia":[{"embeddable":true,"href":"https:\/\/zakawatt.dz\/index.php\/wp-json\/wp\/v2\/media\/9180"}],"wp:attachment":[{"href":"https:\/\/zakawatt.dz\/index.php\/wp-json\/wp\/v2\/media?parent=9129"}],"wp:term":[{"taxonomy":"product_brand","embeddable":true,"href":"https:\/\/zakawatt.dz\/index.php\/wp-json\/wp\/v2\/product_brand?post=9129"},{"taxonomy":"product_cat","embeddable":true,"href":"https:\/\/zakawatt.dz\/index.php\/wp-json\/wp\/v2\/product_cat?post=9129"},{"taxonomy":"product_tag","embeddable":true,"href":"https:\/\/zakawatt.dz\/index.php\/wp-json\/wp\/v2\/product_tag?post=9129"}],"curies":[{"name":"wp","href":"https:\/\/api.w.org\/{rel}","templated":true}]}}