{"id":9131,"date":"2023-08-08T17:47:09","date_gmt":"2023-08-08T17:47:09","guid":{"rendered":"https:\/\/zakawatt.dz\/Staging\/?post_type=product&#038;p=9131"},"modified":"2023-08-08T17:47:15","modified_gmt":"2023-08-08T17:47:15","slug":"commutateur-de-puissance-hz5-chint","status":"publish","type":"product","link":"https:\/\/zakawatt.dz\/index.php\/product\/commutateur-de-puissance-hz5-chint\/","title":{"rendered":"Commutateur de puissance HZ5 CHINT"},"content":{"rendered":"<p>R\u00e9gime \u00e9lectrique nominaux : AC50Hz,tension jusqu&#8217;\u00e0 380V Application : controleur d&#8217;interrupteur d&#8217;alimentation et d\u00e9marrage , conversion et commutation de de changement de vitesse moteur asynchrone \u00e0 induction , en outre , il peux \u00eatre appliqu\u00e9 Pour connecter les circuits de commande . Norme : IEC60947-3<\/p>\n","protected":false},"excerpt":{"rendered":"<p>Commutateur de puissance CHINT<\/p>\n","protected":false},"featured_media":9071,"comment_status":"closed","ping_status":"closed","template":"","meta":[],"product_brand":[],"product_cat":[128,135,142],"product_tag":[],"class_list":{"0":"post-9131","1":"product","2":"type-product","3":"status-publish","4":"has-post-thumbnail","6":"product_cat-appareillage-et-accessoires","7":"product_cat-appareillage-industriel","8":"product_cat-commutateur","11":"instock","12":"shipping-taxable","13":"purchasable","14":"product-type-simple"},"_links":{"self":[{"href":"https:\/\/zakawatt.dz\/index.php\/wp-json\/wp\/v2\/product\/9131","targetHints":{"allow":["GET"]}}],"collection":[{"href":"https:\/\/zakawatt.dz\/index.php\/wp-json\/wp\/v2\/product"}],"about":[{"href":"https:\/\/zakawatt.dz\/index.php\/wp-json\/wp\/v2\/types\/product"}],"replies":[{"embeddable":true,"href":"https:\/\/zakawatt.dz\/index.php\/wp-json\/wp\/v2\/comments?post=9131"}],"wp:featuredmedia":[{"embeddable":true,"href":"https:\/\/zakawatt.dz\/index.php\/wp-json\/wp\/v2\/media\/9071"}],"wp:attachment":[{"href":"https:\/\/zakawatt.dz\/index.php\/wp-json\/wp\/v2\/media?parent=9131"}],"wp:term":[{"taxonomy":"product_brand","embeddable":true,"href":"https:\/\/zakawatt.dz\/index.php\/wp-json\/wp\/v2\/product_brand?post=9131"},{"taxonomy":"product_cat","embeddable":true,"href":"https:\/\/zakawatt.dz\/index.php\/wp-json\/wp\/v2\/product_cat?post=9131"},{"taxonomy":"product_tag","embeddable":true,"href":"https:\/\/zakawatt.dz\/index.php\/wp-json\/wp\/v2\/product_tag?post=9131"}],"curies":[{"name":"wp","href":"https:\/\/api.w.org\/{rel}","templated":true}]}}