{"id":9203,"date":"2023-08-08T17:47:18","date_gmt":"2023-08-08T17:47:18","guid":{"rendered":"https:\/\/zakawatt.dz\/Staging\/?post_type=product&#038;p=9203"},"modified":"2023-08-08T17:47:20","modified_gmt":"2023-08-08T17:47:20","slug":"relais-de-protection-moteur-ac-380v","status":"publish","type":"product","link":"https:\/\/zakawatt.dz\/index.php\/product\/relais-de-protection-moteur-ac-380v\/","title":{"rendered":"Relais de Protection moteur AC 380V"},"content":{"rendered":"<p>Relais de protection moteur de la s\u00e9rie NJBK2 est applicable pour la surcharge, le rotor verrouill\u00e9, \u00c9chec de phase, d\u00e9s\u00e9quilibre de courant triphas\u00e9, mise \u00e0 la terre et PTC protection de la temp\u00e9rature du moteur \u00e0 courant alternatif @ A.C.50Hz, moins Tension de fonctionnement nominale de 660V et 2A ~ 800A nominale Courant de fonctionnement pour son fonctionnement continu ou Travail discontinu. Ce produit r\u00e9pond aux exigences de la CEI 60947- 4-1<\/p>\n","protected":false},"excerpt":{"rendered":"<p>produit r\u00e9pond aux exigences de la CEI 60947- 4-1<\/p>\n","protected":false},"featured_media":9236,"comment_status":"closed","ping_status":"closed","template":"","meta":[],"product_brand":[],"product_cat":[128,135,147],"product_tag":[],"class_list":{"0":"post-9203","1":"product","2":"type-product","3":"status-publish","4":"has-post-thumbnail","6":"product_cat-appareillage-et-accessoires","7":"product_cat-appareillage-industriel","8":"product_cat-relais","11":"instock","12":"shipping-taxable","13":"purchasable","14":"product-type-simple"},"_links":{"self":[{"href":"https:\/\/zakawatt.dz\/index.php\/wp-json\/wp\/v2\/product\/9203","targetHints":{"allow":["GET"]}}],"collection":[{"href":"https:\/\/zakawatt.dz\/index.php\/wp-json\/wp\/v2\/product"}],"about":[{"href":"https:\/\/zakawatt.dz\/index.php\/wp-json\/wp\/v2\/types\/product"}],"replies":[{"embeddable":true,"href":"https:\/\/zakawatt.dz\/index.php\/wp-json\/wp\/v2\/comments?post=9203"}],"wp:featuredmedia":[{"embeddable":true,"href":"https:\/\/zakawatt.dz\/index.php\/wp-json\/wp\/v2\/media\/9236"}],"wp:attachment":[{"href":"https:\/\/zakawatt.dz\/index.php\/wp-json\/wp\/v2\/media?parent=9203"}],"wp:term":[{"taxonomy":"product_brand","embeddable":true,"href":"https:\/\/zakawatt.dz\/index.php\/wp-json\/wp\/v2\/product_brand?post=9203"},{"taxonomy":"product_cat","embeddable":true,"href":"https:\/\/zakawatt.dz\/index.php\/wp-json\/wp\/v2\/product_cat?post=9203"},{"taxonomy":"product_tag","embeddable":true,"href":"https:\/\/zakawatt.dz\/index.php\/wp-json\/wp\/v2\/product_tag?post=9203"}],"curies":[{"name":"wp","href":"https:\/\/api.w.org\/{rel}","templated":true}]}}