{"id":9289,"date":"2023-08-08T17:47:25","date_gmt":"2023-08-08T17:47:25","guid":{"rendered":"https:\/\/zakawatt.dz\/Staging\/?post_type=product&#038;p=9289"},"modified":"2023-08-08T17:47:30","modified_gmt":"2023-08-08T17:47:30","slug":"cable-rigide-5x","status":"publish","type":"product","link":"https:\/\/zakawatt.dz\/index.php\/product\/cable-rigide-5x\/","title":{"rendered":"C\u00e2ble Rigide 5X"},"content":{"rendered":"<p>C\u00e2ble 5X Conseils d&#8217;utilisation : Usage : Alimentation fixe convecteurs \u00e9lectriques avec Fil pilote Intensit\u00e9 : jusqu&#8217;\u00e0 20A.<\/p>\n","protected":false},"excerpt":{"rendered":"<p>C\u00e2ble 5X Conseils d&#8217;utilisation : Usage : Alimentation fixe convecteurs \u00e9lectriques avec Fil pilote Intensit\u00e9 : jusqu&#8217;\u00e0 20A.<\/p>\n","protected":false},"featured_media":9334,"comment_status":"closed","ping_status":"closed","template":"","meta":[],"product_brand":[],"product_cat":[137],"product_tag":[],"class_list":{"0":"post-9289","1":"product","2":"type-product","3":"status-publish","4":"has-post-thumbnail","6":"product_cat-cables-electrique","9":"instock","10":"shipping-taxable","11":"purchasable","12":"product-type-simple"},"_links":{"self":[{"href":"https:\/\/zakawatt.dz\/index.php\/wp-json\/wp\/v2\/product\/9289","targetHints":{"allow":["GET"]}}],"collection":[{"href":"https:\/\/zakawatt.dz\/index.php\/wp-json\/wp\/v2\/product"}],"about":[{"href":"https:\/\/zakawatt.dz\/index.php\/wp-json\/wp\/v2\/types\/product"}],"replies":[{"embeddable":true,"href":"https:\/\/zakawatt.dz\/index.php\/wp-json\/wp\/v2\/comments?post=9289"}],"wp:featuredmedia":[{"embeddable":true,"href":"https:\/\/zakawatt.dz\/index.php\/wp-json\/wp\/v2\/media\/9334"}],"wp:attachment":[{"href":"https:\/\/zakawatt.dz\/index.php\/wp-json\/wp\/v2\/media?parent=9289"}],"wp:term":[{"taxonomy":"product_brand","embeddable":true,"href":"https:\/\/zakawatt.dz\/index.php\/wp-json\/wp\/v2\/product_brand?post=9289"},{"taxonomy":"product_cat","embeddable":true,"href":"https:\/\/zakawatt.dz\/index.php\/wp-json\/wp\/v2\/product_cat?post=9289"},{"taxonomy":"product_tag","embeddable":true,"href":"https:\/\/zakawatt.dz\/index.php\/wp-json\/wp\/v2\/product_tag?post=9289"}],"curies":[{"name":"wp","href":"https:\/\/api.w.org\/{rel}","templated":true}]}}