{"id":9308,"date":"2023-08-08T17:47:26","date_gmt":"2023-08-08T17:47:26","guid":{"rendered":"https:\/\/zakawatt.dz\/Staging\/?post_type=product&#038;p=9308"},"modified":"2023-08-08T17:47:32","modified_gmt":"2023-08-08T17:47:32","slug":"multimetre-numerique-compact","status":"publish","type":"product","link":"https:\/\/zakawatt.dz\/index.php\/product\/multimetre-numerique-compact\/","title":{"rendered":"Multim\u00e8tre num\u00e9rique compact"},"content":{"rendered":"<p>Marque : Multimetrix Pays de fabrication : Ta\u00efwan S\u00e9lection automatique: AC\/DC ,r\u00e9sistance\/continuit\u00e9\/ , calibre automatique d\u00e9brayable , extinction automatique d\u00e9brayable , indicateur piles us\u00e9es ,IEC 61010 CAT III 300V ,Dimension : 130*81*24 mm , masse : 150g env , livr\u00e9 avec 2 pile 1.5v AAA ,et i notice de fonctionnement 5 langue (f\/gb\/d\/i\/e)<\/p>\n","protected":false},"excerpt":{"rendered":"<p>Marque : Multimetrix Pays de fabrication : Ta\u00efwan S\u00e9lection automatique: AC\/DC ,r\u00e9sistance\/continuit\u00e9\/ calibre automatique d\u00e9brayable ,extinction automatique d\u00e9brayable , indicateur piles us\u00e9es ,IEC 61010 CAT III 300V ,Dimension : 130*81*24 mm , masse : 150g env , livr\u00e9 avec 2 pile 1.5v AAA ,et i notice de fonctionnement 5 langue (f\/gb\/d\/i\/e)<\/p>\n","protected":false},"featured_media":9359,"comment_status":"closed","ping_status":"closed","template":"","meta":[],"product_brand":[],"product_cat":[155],"product_tag":[],"class_list":{"0":"post-9308","1":"product","2":"type-product","3":"status-publish","4":"has-post-thumbnail","6":"product_cat-accessoires-de-mesure","9":"instock","10":"shipping-taxable","11":"purchasable","12":"product-type-simple"},"_links":{"self":[{"href":"https:\/\/zakawatt.dz\/index.php\/wp-json\/wp\/v2\/product\/9308","targetHints":{"allow":["GET"]}}],"collection":[{"href":"https:\/\/zakawatt.dz\/index.php\/wp-json\/wp\/v2\/product"}],"about":[{"href":"https:\/\/zakawatt.dz\/index.php\/wp-json\/wp\/v2\/types\/product"}],"replies":[{"embeddable":true,"href":"https:\/\/zakawatt.dz\/index.php\/wp-json\/wp\/v2\/comments?post=9308"}],"wp:featuredmedia":[{"embeddable":true,"href":"https:\/\/zakawatt.dz\/index.php\/wp-json\/wp\/v2\/media\/9359"}],"wp:attachment":[{"href":"https:\/\/zakawatt.dz\/index.php\/wp-json\/wp\/v2\/media?parent=9308"}],"wp:term":[{"taxonomy":"product_brand","embeddable":true,"href":"https:\/\/zakawatt.dz\/index.php\/wp-json\/wp\/v2\/product_brand?post=9308"},{"taxonomy":"product_cat","embeddable":true,"href":"https:\/\/zakawatt.dz\/index.php\/wp-json\/wp\/v2\/product_cat?post=9308"},{"taxonomy":"product_tag","embeddable":true,"href":"https:\/\/zakawatt.dz\/index.php\/wp-json\/wp\/v2\/product_tag?post=9308"}],"curies":[{"name":"wp","href":"https:\/\/api.w.org\/{rel}","templated":true}]}}