{"id":9361,"date":"2023-08-08T17:47:34","date_gmt":"2023-08-08T17:47:34","guid":{"rendered":"https:\/\/zakawatt.dz\/Staging\/?post_type=product&#038;p=9361"},"modified":"2023-08-08T17:47:35","modified_gmt":"2023-08-08T17:47:35","slug":"multimetre-numerique-multimetrix","status":"publish","type":"product","link":"https:\/\/zakawatt.dz\/index.php\/product\/multimetre-numerique-multimetrix\/","title":{"rendered":"Multim\u00e8tre num\u00e9rique MULTIMETRIX"},"content":{"rendered":"<p>Marque : Multimetrix ;Pays de fabrication : Taiwan ;Calibre automatique d\u00e9brayable ;extinction automatique d\u00e9brayable ;indicateur piles us\u00e9es ;IEC 61010 CAT III 600V ;Dimension\/ Masse : 181*92*57mm\/335g (sans piles) livr\u00e9 avec cordons de mesure,2piles1.5V AA et 1 notice de fonctionnement 5 Langues (F\/GB\/D\/I\/E)<\/p>\n","protected":false},"excerpt":{"rendered":"<p>Marque : Multimetrix ;Pays de fabrication : Taiwan ;Calibre automatique d\u00e9brayable ;extinction automatique d\u00e9brayable ;indicateur piles us\u00e9es ;IEC 61010 CAT III 600V ;Dimension\/ Masse : 181*92*57mm\/335g (sans piles) livr\u00e9 avec cordons de mesure,2piles1.5V AA et 1 notice de fonctionnement 5 Langues (F\/GB\/D\/I\/E)<\/p>\n","protected":false},"featured_media":9391,"comment_status":"closed","ping_status":"closed","template":"","meta":[],"product_brand":[],"product_cat":[155],"product_tag":[],"class_list":{"0":"post-9361","1":"product","2":"type-product","3":"status-publish","4":"has-post-thumbnail","6":"product_cat-accessoires-de-mesure","9":"instock","10":"shipping-taxable","11":"purchasable","12":"product-type-simple"},"_links":{"self":[{"href":"https:\/\/zakawatt.dz\/index.php\/wp-json\/wp\/v2\/product\/9361","targetHints":{"allow":["GET"]}}],"collection":[{"href":"https:\/\/zakawatt.dz\/index.php\/wp-json\/wp\/v2\/product"}],"about":[{"href":"https:\/\/zakawatt.dz\/index.php\/wp-json\/wp\/v2\/types\/product"}],"replies":[{"embeddable":true,"href":"https:\/\/zakawatt.dz\/index.php\/wp-json\/wp\/v2\/comments?post=9361"}],"wp:featuredmedia":[{"embeddable":true,"href":"https:\/\/zakawatt.dz\/index.php\/wp-json\/wp\/v2\/media\/9391"}],"wp:attachment":[{"href":"https:\/\/zakawatt.dz\/index.php\/wp-json\/wp\/v2\/media?parent=9361"}],"wp:term":[{"taxonomy":"product_brand","embeddable":true,"href":"https:\/\/zakawatt.dz\/index.php\/wp-json\/wp\/v2\/product_brand?post=9361"},{"taxonomy":"product_cat","embeddable":true,"href":"https:\/\/zakawatt.dz\/index.php\/wp-json\/wp\/v2\/product_cat?post=9361"},{"taxonomy":"product_tag","embeddable":true,"href":"https:\/\/zakawatt.dz\/index.php\/wp-json\/wp\/v2\/product_tag?post=9361"}],"curies":[{"name":"wp","href":"https:\/\/api.w.org\/{rel}","templated":true}]}}