{"id":9363,"date":"2023-08-08T17:47:34","date_gmt":"2023-08-08T17:47:34","guid":{"rendered":"https:\/\/zakawatt.dz\/Staging\/?post_type=product&#038;p=9363"},"modified":"2023-08-08T17:47:35","modified_gmt":"2023-08-08T17:47:35","slug":"thermometre-a-infrarouge-fluke","status":"publish","type":"product","link":"https:\/\/zakawatt.dz\/index.php\/product\/thermometre-a-infrarouge-fluke\/","title":{"rendered":"Thermom\u00e8tre \u00e0 infrarouge FLUKE"},"content":{"rendered":"<p>.<\/p>\n","protected":false},"excerpt":{"rendered":"<p>Marque : Fluke ;Origine de la marque : USA ;produit assembl\u00e9 en chine ;gamme de temp\u00e9rature mesur\u00e9e : de -30\u00b0 C \u00e0 500\u00b0C (-22\u00b0F \u00e0 932\u00b0F) ;\u00e9tanche \u00e0 l&#8217;eau et \u00e0 la poussi\u00e8re \u00b0C\/\u00b0F commutable ;observation de laser ;Pile incluse<\/p>\n","protected":false},"featured_media":9395,"comment_status":"closed","ping_status":"closed","template":"","meta":[],"product_brand":[],"product_cat":[155],"product_tag":[],"class_list":{"0":"post-9363","1":"product","2":"type-product","3":"status-publish","4":"has-post-thumbnail","6":"product_cat-accessoires-de-mesure","9":"instock","10":"shipping-taxable","11":"purchasable","12":"product-type-simple"},"_links":{"self":[{"href":"https:\/\/zakawatt.dz\/index.php\/wp-json\/wp\/v2\/product\/9363","targetHints":{"allow":["GET"]}}],"collection":[{"href":"https:\/\/zakawatt.dz\/index.php\/wp-json\/wp\/v2\/product"}],"about":[{"href":"https:\/\/zakawatt.dz\/index.php\/wp-json\/wp\/v2\/types\/product"}],"replies":[{"embeddable":true,"href":"https:\/\/zakawatt.dz\/index.php\/wp-json\/wp\/v2\/comments?post=9363"}],"wp:featuredmedia":[{"embeddable":true,"href":"https:\/\/zakawatt.dz\/index.php\/wp-json\/wp\/v2\/media\/9395"}],"wp:attachment":[{"href":"https:\/\/zakawatt.dz\/index.php\/wp-json\/wp\/v2\/media?parent=9363"}],"wp:term":[{"taxonomy":"product_brand","embeddable":true,"href":"https:\/\/zakawatt.dz\/index.php\/wp-json\/wp\/v2\/product_brand?post=9363"},{"taxonomy":"product_cat","embeddable":true,"href":"https:\/\/zakawatt.dz\/index.php\/wp-json\/wp\/v2\/product_cat?post=9363"},{"taxonomy":"product_tag","embeddable":true,"href":"https:\/\/zakawatt.dz\/index.php\/wp-json\/wp\/v2\/product_tag?post=9363"}],"curies":[{"name":"wp","href":"https:\/\/api.w.org\/{rel}","templated":true}]}}