{"id":9378,"date":"2023-08-08T17:47:34","date_gmt":"2023-08-08T17:47:34","guid":{"rendered":"https:\/\/zakawatt.dz\/Staging\/?post_type=product&#038;p=9378"},"modified":"2023-08-08T17:47:44","modified_gmt":"2023-08-08T17:47:44","slug":"interrupteur-differentie-63a","status":"publish","type":"product","link":"https:\/\/zakawatt.dz\/index.php\/product\/interrupteur-differentie-63a\/","title":{"rendered":"Interrupteur diff\u00e9rentie 63A"},"content":{"rendered":"<p>Protection contre les effets des courants de d\u00e9faut de terre alternatif sinuso\u00efdaux; protection contre les contacts indirects et protection suppl\u00e9mentaire contre les contacts direct .<\/p>\n","protected":false},"excerpt":{"rendered":"<p>nombre de p\u00f4les : 2<br \/>\npouvoir de coupure : 6000 A<br \/>\nSensibilit\u00e9 : 30 mA<br \/>\ncourant nominal : 63A<br \/>\nfr\u00e9quence nominal : 50&#8230;60 Hz<br \/>\nnorme : EN 61008<\/p>\n","protected":false},"featured_media":9424,"comment_status":"closed","ping_status":"closed","template":"","meta":[],"product_brand":[],"product_cat":[136],"product_tag":[],"class_list":{"0":"post-9378","1":"product","2":"type-product","3":"status-publish","4":"has-post-thumbnail","6":"product_cat-disjoncteur","9":"instock","10":"shipping-taxable","11":"purchasable","12":"product-type-simple"},"_links":{"self":[{"href":"https:\/\/zakawatt.dz\/index.php\/wp-json\/wp\/v2\/product\/9378","targetHints":{"allow":["GET"]}}],"collection":[{"href":"https:\/\/zakawatt.dz\/index.php\/wp-json\/wp\/v2\/product"}],"about":[{"href":"https:\/\/zakawatt.dz\/index.php\/wp-json\/wp\/v2\/types\/product"}],"replies":[{"embeddable":true,"href":"https:\/\/zakawatt.dz\/index.php\/wp-json\/wp\/v2\/comments?post=9378"}],"wp:featuredmedia":[{"embeddable":true,"href":"https:\/\/zakawatt.dz\/index.php\/wp-json\/wp\/v2\/media\/9424"}],"wp:attachment":[{"href":"https:\/\/zakawatt.dz\/index.php\/wp-json\/wp\/v2\/media?parent=9378"}],"wp:term":[{"taxonomy":"product_brand","embeddable":true,"href":"https:\/\/zakawatt.dz\/index.php\/wp-json\/wp\/v2\/product_brand?post=9378"},{"taxonomy":"product_cat","embeddable":true,"href":"https:\/\/zakawatt.dz\/index.php\/wp-json\/wp\/v2\/product_cat?post=9378"},{"taxonomy":"product_tag","embeddable":true,"href":"https:\/\/zakawatt.dz\/index.php\/wp-json\/wp\/v2\/product_tag?post=9378"}],"curies":[{"name":"wp","href":"https:\/\/api.w.org\/{rel}","templated":true}]}}