{"id":9384,"date":"2023-08-08T17:47:34","date_gmt":"2023-08-08T17:47:34","guid":{"rendered":"https:\/\/zakawatt.dz\/Staging\/?post_type=product&#038;p=9384"},"modified":"2023-08-08T17:47:46","modified_gmt":"2023-08-08T17:47:46","slug":"contacteur-abb-4p-26a","status":"publish","type":"product","link":"https:\/\/zakawatt.dz\/index.php\/product\/contacteur-abb-4p-26a\/","title":{"rendered":"Contacteur ABB 4P 26A"},"content":{"rendered":"<p>le role: utilis\u00e9 pour contr\u00f4ler les circuits de puissance jusqu&#8217;\u00e0 690 V CA et 220 V CC. Ils sont principalement utilis\u00e9s pour contr\u00f4ler les moteurs triphas\u00e9s, charges non inductives ou l\u00e9g\u00e8rement inductives. Les contacteurs AF .. (Z) peuvent g\u00e9rer de grandes variations de tension de commande &#8211; Les contacteurs AF..Z r\u00e9sistent aux creux de tension et aux creux de tension (SEMI F47-0706 conformit\u00e9) &#8211; Les contacteurs AF .. (Z) ont une protection contre les surtensions int\u00e9gr\u00e9e et ne n\u00e9cessitent pas suppresseurs de surtension suppl\u00e9mentaires.<\/p>\n","protected":false},"excerpt":{"rendered":"<p>nombre de p\u00f4les: 4P courant nominal : 26A bobine \u00e9lectronique : 100V&#8230;250V fr\u00e9quence: 50\/60Hz<\/p>\n","protected":false},"featured_media":9436,"comment_status":"closed","ping_status":"closed","template":"","meta":[],"product_brand":[],"product_cat":[138],"product_tag":[],"class_list":{"0":"post-9384","1":"product","2":"type-product","3":"status-publish","4":"has-post-thumbnail","6":"product_cat-contacteur","9":"instock","10":"shipping-taxable","11":"product-type-simple"},"_links":{"self":[{"href":"https:\/\/zakawatt.dz\/index.php\/wp-json\/wp\/v2\/product\/9384","targetHints":{"allow":["GET"]}}],"collection":[{"href":"https:\/\/zakawatt.dz\/index.php\/wp-json\/wp\/v2\/product"}],"about":[{"href":"https:\/\/zakawatt.dz\/index.php\/wp-json\/wp\/v2\/types\/product"}],"replies":[{"embeddable":true,"href":"https:\/\/zakawatt.dz\/index.php\/wp-json\/wp\/v2\/comments?post=9384"}],"wp:featuredmedia":[{"embeddable":true,"href":"https:\/\/zakawatt.dz\/index.php\/wp-json\/wp\/v2\/media\/9436"}],"wp:attachment":[{"href":"https:\/\/zakawatt.dz\/index.php\/wp-json\/wp\/v2\/media?parent=9384"}],"wp:term":[{"taxonomy":"product_brand","embeddable":true,"href":"https:\/\/zakawatt.dz\/index.php\/wp-json\/wp\/v2\/product_brand?post=9384"},{"taxonomy":"product_cat","embeddable":true,"href":"https:\/\/zakawatt.dz\/index.php\/wp-json\/wp\/v2\/product_cat?post=9384"},{"taxonomy":"product_tag","embeddable":true,"href":"https:\/\/zakawatt.dz\/index.php\/wp-json\/wp\/v2\/product_tag?post=9384"}],"curies":[{"name":"wp","href":"https:\/\/api.w.org\/{rel}","templated":true}]}}