{"id":9454,"date":"2023-08-08T17:47:55","date_gmt":"2023-08-08T17:47:55","guid":{"rendered":"https:\/\/zakawatt.dz\/Staging\/?post_type=product&#038;p=9454"},"modified":"2023-08-08T17:48:06","modified_gmt":"2023-08-08T17:48:06","slug":"interrupteurs-crepusculaires-modulaires-abb","status":"publish","type":"product","link":"https:\/\/zakawatt.dz\/index.php\/product\/interrupteurs-crepusculaires-modulaires-abb\/","title":{"rendered":"Interrupteurs cr\u00e9pusculaires modulaires ABB"},"content":{"rendered":"<p>Interrupteurs cr\u00e9pusculaires modulaires T1<br \/>\nIls permettent d&#8217;allumer ou d\u2019\u00e9teindre les dispositifs d\u2019\u00e9clairage selon un niveau pr\u00e9vu de la lumi\u00e8re externe.<br \/>\nIls sont utilises avec un capteur pour d\u00e9tecter si la lumi\u00e8re ambiante est sup\u00e9rieure ou inf\u00e9rieure au niveau r\u00e9gl\u00e9.<\/p>\n","protected":false},"excerpt":{"rendered":"<p>Voltage : 110&#8230;230 V luminosit\u00e9 : de 2 &#8230; 200 lx<\/p>\n","protected":false},"featured_media":9487,"comment_status":"closed","ping_status":"closed","template":"","meta":[],"product_brand":[],"product_cat":[135,136],"product_tag":[],"class_list":{"0":"post-9454","1":"product","2":"type-product","3":"status-publish","4":"has-post-thumbnail","6":"product_cat-appareillage-industriel","7":"product_cat-disjoncteur","10":"instock","11":"shipping-taxable","12":"purchasable","13":"product-type-simple"},"_links":{"self":[{"href":"https:\/\/zakawatt.dz\/index.php\/wp-json\/wp\/v2\/product\/9454","targetHints":{"allow":["GET"]}}],"collection":[{"href":"https:\/\/zakawatt.dz\/index.php\/wp-json\/wp\/v2\/product"}],"about":[{"href":"https:\/\/zakawatt.dz\/index.php\/wp-json\/wp\/v2\/types\/product"}],"replies":[{"embeddable":true,"href":"https:\/\/zakawatt.dz\/index.php\/wp-json\/wp\/v2\/comments?post=9454"}],"wp:featuredmedia":[{"embeddable":true,"href":"https:\/\/zakawatt.dz\/index.php\/wp-json\/wp\/v2\/media\/9487"}],"wp:attachment":[{"href":"https:\/\/zakawatt.dz\/index.php\/wp-json\/wp\/v2\/media?parent=9454"}],"wp:term":[{"taxonomy":"product_brand","embeddable":true,"href":"https:\/\/zakawatt.dz\/index.php\/wp-json\/wp\/v2\/product_brand?post=9454"},{"taxonomy":"product_cat","embeddable":true,"href":"https:\/\/zakawatt.dz\/index.php\/wp-json\/wp\/v2\/product_cat?post=9454"},{"taxonomy":"product_tag","embeddable":true,"href":"https:\/\/zakawatt.dz\/index.php\/wp-json\/wp\/v2\/product_tag?post=9454"}],"curies":[{"name":"wp","href":"https:\/\/api.w.org\/{rel}","templated":true}]}}