{"id":9459,"date":"2023-08-08T17:47:55","date_gmt":"2023-08-08T17:47:55","guid":{"rendered":"https:\/\/zakawatt.dz\/Staging\/?post_type=product&#038;p=9459"},"modified":"2023-08-08T17:48:13","modified_gmt":"2023-08-08T17:48:13","slug":"contact-auxiliaire-laterale-abb","status":"publish","type":"product","link":"https:\/\/zakawatt.dz\/index.php\/product\/contact-auxiliaire-laterale-abb\/","title":{"rendered":"Contact auxiliaire lat\u00e9rale ABB"},"content":{"rendered":"<p>S\u00e9rie A &#8211; blocs de contacteur auxiliaires Blocs de contacteur auxiliaires pour les contacteurs de s\u00e9rie A Montage avant et lat\u00e9ral Commutation instantan\u00e9e Les blocs de contacteur auxiliaires sont utilis\u00e9s pour la commutation de circuits auxiliaires et de commande.<\/p>\n","protected":false},"excerpt":{"rendered":"<p>Contact auxiliaire lat\u00e9rale, NO\/NF, 12 \u2192 240 V c.c , 12 \u2192 500 V c.a.\/c.c.<\/p>\n","protected":false},"featured_media":9497,"comment_status":"closed","ping_status":"closed","template":"","meta":[],"product_brand":[],"product_cat":[146],"product_tag":[],"class_list":{"0":"post-9459","1":"product","2":"type-product","3":"status-publish","4":"has-post-thumbnail","6":"product_cat-autre-produits","9":"instock","10":"shipping-taxable","11":"purchasable","12":"product-type-simple"},"_links":{"self":[{"href":"https:\/\/zakawatt.dz\/index.php\/wp-json\/wp\/v2\/product\/9459","targetHints":{"allow":["GET"]}}],"collection":[{"href":"https:\/\/zakawatt.dz\/index.php\/wp-json\/wp\/v2\/product"}],"about":[{"href":"https:\/\/zakawatt.dz\/index.php\/wp-json\/wp\/v2\/types\/product"}],"replies":[{"embeddable":true,"href":"https:\/\/zakawatt.dz\/index.php\/wp-json\/wp\/v2\/comments?post=9459"}],"wp:featuredmedia":[{"embeddable":true,"href":"https:\/\/zakawatt.dz\/index.php\/wp-json\/wp\/v2\/media\/9497"}],"wp:attachment":[{"href":"https:\/\/zakawatt.dz\/index.php\/wp-json\/wp\/v2\/media?parent=9459"}],"wp:term":[{"taxonomy":"product_brand","embeddable":true,"href":"https:\/\/zakawatt.dz\/index.php\/wp-json\/wp\/v2\/product_brand?post=9459"},{"taxonomy":"product_cat","embeddable":true,"href":"https:\/\/zakawatt.dz\/index.php\/wp-json\/wp\/v2\/product_cat?post=9459"},{"taxonomy":"product_tag","embeddable":true,"href":"https:\/\/zakawatt.dz\/index.php\/wp-json\/wp\/v2\/product_tag?post=9459"}],"curies":[{"name":"wp","href":"https:\/\/api.w.org\/{rel}","templated":true}]}}