{"id":9460,"date":"2023-08-08T17:47:55","date_gmt":"2023-08-08T17:47:55","guid":{"rendered":"https:\/\/zakawatt.dz\/Staging\/?post_type=product&#038;p=9460"},"modified":"2023-08-08T17:48:13","modified_gmt":"2023-08-08T17:48:13","slug":"contact-auxiliaire-a-vis-abb","status":"publish","type":"product","link":"https:\/\/zakawatt.dz\/index.php\/product\/contact-auxiliaire-a-vis-abb\/","title":{"rendered":"Contact auxiliaire \u00e0 vis ABB"},"content":{"rendered":"<p>A utiliser avec les contacteurs AF Les blocs de contacts sont mont\u00e9s \u00e0 l&#8217;avant ou sur le c\u00f4t\u00e9 avec des borniers de connexion \u00e0 vis. Normes UL 508, CSA C22.2 N14 .<\/p>\n","protected":false},"excerpt":{"rendered":"<p>Configuration de l&#8217;\u00e9tat normal 2 N\/F, 2 N\/O Courant de contact 6A Tension de contact 600 V c.c., 690 V c.a. Configuration position et p\u00f4le 4 p\u00f4les<\/p>\n","protected":false},"featured_media":9499,"comment_status":"closed","ping_status":"closed","template":"","meta":[],"product_brand":[],"product_cat":[146],"product_tag":[],"class_list":{"0":"post-9460","1":"product","2":"type-product","3":"status-publish","4":"has-post-thumbnail","6":"product_cat-autre-produits","9":"instock","10":"shipping-taxable","11":"purchasable","12":"product-type-simple"},"_links":{"self":[{"href":"https:\/\/zakawatt.dz\/index.php\/wp-json\/wp\/v2\/product\/9460","targetHints":{"allow":["GET"]}}],"collection":[{"href":"https:\/\/zakawatt.dz\/index.php\/wp-json\/wp\/v2\/product"}],"about":[{"href":"https:\/\/zakawatt.dz\/index.php\/wp-json\/wp\/v2\/types\/product"}],"replies":[{"embeddable":true,"href":"https:\/\/zakawatt.dz\/index.php\/wp-json\/wp\/v2\/comments?post=9460"}],"wp:featuredmedia":[{"embeddable":true,"href":"https:\/\/zakawatt.dz\/index.php\/wp-json\/wp\/v2\/media\/9499"}],"wp:attachment":[{"href":"https:\/\/zakawatt.dz\/index.php\/wp-json\/wp\/v2\/media?parent=9460"}],"wp:term":[{"taxonomy":"product_brand","embeddable":true,"href":"https:\/\/zakawatt.dz\/index.php\/wp-json\/wp\/v2\/product_brand?post=9460"},{"taxonomy":"product_cat","embeddable":true,"href":"https:\/\/zakawatt.dz\/index.php\/wp-json\/wp\/v2\/product_cat?post=9460"},{"taxonomy":"product_tag","embeddable":true,"href":"https:\/\/zakawatt.dz\/index.php\/wp-json\/wp\/v2\/product_tag?post=9460"}],"curies":[{"name":"wp","href":"https:\/\/api.w.org\/{rel}","templated":true}]}}