{"id":9464,"date":"2023-08-08T17:47:55","date_gmt":"2023-08-08T17:47:55","guid":{"rendered":"https:\/\/zakawatt.dz\/Staging\/?post_type=product&#038;p=9464"},"modified":"2023-08-08T17:48:24","modified_gmt":"2023-08-08T17:48:24","slug":"relais-thermique-tf96-87-abb","status":"publish","type":"product","link":"https:\/\/zakawatt.dz\/index.php\/product\/relais-thermique-tf96-87-abb\/","title":{"rendered":"Relais Thermique TF96-87 ABB"},"content":{"rendered":"<p>Relais de surcharge thermique &#8211; Type TF96 Caract\u00e9ristiques techniques : Le relais de surcharge thermique TF96-87 est un dispositif \u00e9conomique de protection \u00e9lectrom\u00e9canique pour le circuit principal. Il offre une protection fiable et rapide pour les moteurs en cas de surcharge ou de d\u00e9faillance de phase. L&#8217;appareil a la classe de d\u00e9clenchement 10. D&#8217;autres caract\u00e9ristiques sont la compensation de temp\u00e9rature, le contact de d\u00e9clenchement (NC), le contact de signal (NO), la r\u00e9initialisation automatique ou manuelle s\u00e9lectionnable, le m\u00e9canisme sans d\u00e9clenchement, la fonction STOP et une indication de d\u00e9clenchement. Les relais de surcharge sont connect\u00e9s directement aux contacteurs \u00e0 blocs. Des kits de montage simples sont disponibles en tant qu&#8217;accessoire.<\/p>\n","protected":false},"excerpt":{"rendered":"<p>Relais thermique ABB Type :TF96 Amp\u00e9rage : 75A-96A Voltage nominal : 690V nombre de p\u00f4les : 3 peut se monter avec les contacteurs :AF80 et AF96.<\/p>\n","protected":false},"featured_media":9519,"comment_status":"closed","ping_status":"closed","template":"","meta":[],"product_brand":[],"product_cat":[147],"product_tag":[],"class_list":{"0":"post-9464","1":"product","2":"type-product","3":"status-publish","4":"has-post-thumbnail","6":"product_cat-relais","9":"instock","10":"shipping-taxable","11":"purchasable","12":"product-type-simple"},"_links":{"self":[{"href":"https:\/\/zakawatt.dz\/index.php\/wp-json\/wp\/v2\/product\/9464","targetHints":{"allow":["GET"]}}],"collection":[{"href":"https:\/\/zakawatt.dz\/index.php\/wp-json\/wp\/v2\/product"}],"about":[{"href":"https:\/\/zakawatt.dz\/index.php\/wp-json\/wp\/v2\/types\/product"}],"replies":[{"embeddable":true,"href":"https:\/\/zakawatt.dz\/index.php\/wp-json\/wp\/v2\/comments?post=9464"}],"wp:featuredmedia":[{"embeddable":true,"href":"https:\/\/zakawatt.dz\/index.php\/wp-json\/wp\/v2\/media\/9519"}],"wp:attachment":[{"href":"https:\/\/zakawatt.dz\/index.php\/wp-json\/wp\/v2\/media?parent=9464"}],"wp:term":[{"taxonomy":"product_brand","embeddable":true,"href":"https:\/\/zakawatt.dz\/index.php\/wp-json\/wp\/v2\/product_brand?post=9464"},{"taxonomy":"product_cat","embeddable":true,"href":"https:\/\/zakawatt.dz\/index.php\/wp-json\/wp\/v2\/product_cat?post=9464"},{"taxonomy":"product_tag","embeddable":true,"href":"https:\/\/zakawatt.dz\/index.php\/wp-json\/wp\/v2\/product_tag?post=9464"}],"curies":[{"name":"wp","href":"https:\/\/api.w.org\/{rel}","templated":true}]}}