{"id":9466,"date":"2023-08-08T17:47:55","date_gmt":"2023-08-08T17:47:55","guid":{"rendered":"https:\/\/zakawatt.dz\/Staging\/?post_type=product&#038;p=9466"},"modified":"2023-08-08T17:48:29","modified_gmt":"2023-08-08T17:48:29","slug":"contact-auxiliaire-lateral-s2c-h6r-912","status":"publish","type":"product","link":"https:\/\/zakawatt.dz\/index.php\/product\/contact-auxiliaire-lateral-s2c-h6r-912\/","title":{"rendered":"Contact auxiliaire lat\u00e9ral  S2C-H6R 912"},"content":{"rendered":"<p>.<\/p>\n","protected":false},"excerpt":{"rendered":"<p>Indication de la position des contacts du circuit ;sans test Adapt\u00e9 pour les disjoncteurs modulaires de la s\u00e9rie S 200, les disjoncteurs diff\u00e9rentiels de la s\u00e9rie F 200 et les disjoncteurs diff\u00e9rentiel \u00e0 courant r\u00e9siduel de la s\u00e9rie DS 200.<\/p>\n","protected":false},"featured_media":9523,"comment_status":"closed","ping_status":"closed","template":"","meta":[],"product_brand":[],"product_cat":[136],"product_tag":[],"class_list":{"0":"post-9466","1":"product","2":"type-product","3":"status-publish","4":"has-post-thumbnail","6":"product_cat-disjoncteur","9":"instock","10":"shipping-taxable","11":"purchasable","12":"product-type-simple"},"_links":{"self":[{"href":"https:\/\/zakawatt.dz\/index.php\/wp-json\/wp\/v2\/product\/9466","targetHints":{"allow":["GET"]}}],"collection":[{"href":"https:\/\/zakawatt.dz\/index.php\/wp-json\/wp\/v2\/product"}],"about":[{"href":"https:\/\/zakawatt.dz\/index.php\/wp-json\/wp\/v2\/types\/product"}],"replies":[{"embeddable":true,"href":"https:\/\/zakawatt.dz\/index.php\/wp-json\/wp\/v2\/comments?post=9466"}],"wp:featuredmedia":[{"embeddable":true,"href":"https:\/\/zakawatt.dz\/index.php\/wp-json\/wp\/v2\/media\/9523"}],"wp:attachment":[{"href":"https:\/\/zakawatt.dz\/index.php\/wp-json\/wp\/v2\/media?parent=9466"}],"wp:term":[{"taxonomy":"product_brand","embeddable":true,"href":"https:\/\/zakawatt.dz\/index.php\/wp-json\/wp\/v2\/product_brand?post=9466"},{"taxonomy":"product_cat","embeddable":true,"href":"https:\/\/zakawatt.dz\/index.php\/wp-json\/wp\/v2\/product_cat?post=9466"},{"taxonomy":"product_tag","embeddable":true,"href":"https:\/\/zakawatt.dz\/index.php\/wp-json\/wp\/v2\/product_tag?post=9466"}],"curies":[{"name":"wp","href":"https:\/\/api.w.org\/{rel}","templated":true}]}}