{"id":9470,"date":"2023-08-08T17:47:56","date_gmt":"2023-08-08T17:47:56","guid":{"rendered":"https:\/\/zakawatt.dz\/Staging\/?post_type=product&#038;p=9470"},"modified":"2023-08-08T17:48:40","modified_gmt":"2023-08-08T17:48:40","slug":"bloc-differentiel-dda202-ac-40-0-3-abb","status":"publish","type":"product","link":"https:\/\/zakawatt.dz\/index.php\/product\/bloc-differentiel-dda202-ac-40-0-3-abb\/","title":{"rendered":"Bloc diff\u00e9rentiel DDA202 AC-40\/0.3 ABB"},"content":{"rendered":"<p>Fonction: bloc de disjoncteur diff\u00e9rentiel appliqu\u00e9 pour l&#8217;assemblage sur place aux disjoncteurs principaux de la s\u00e9rie S200. protection contre les effets de courants de d\u00e9faut de terre alternatifs sinuso\u00efdaux ;protection contre les contacts indirects et protection suppl\u00e9mentaire contre les contacts directs .<\/p>\n","protected":false},"excerpt":{"rendered":"<p>Nombre de p\u00f4les: 2 p\u00f4les courant nominal : 40A; sensibilit\u00e9 : 30 mA Application :r\u00e9sidentiel, commercial et industriel Norme : IEC\/EN 61009 Ann.G<\/p>\n","protected":false},"featured_media":9536,"comment_status":"closed","ping_status":"closed","template":"","meta":[],"product_brand":[],"product_cat":[136],"product_tag":[],"class_list":{"0":"post-9470","1":"product","2":"type-product","3":"status-publish","4":"has-post-thumbnail","6":"product_cat-disjoncteur","9":"instock","10":"shipping-taxable","11":"purchasable","12":"product-type-simple"},"_links":{"self":[{"href":"https:\/\/zakawatt.dz\/index.php\/wp-json\/wp\/v2\/product\/9470","targetHints":{"allow":["GET"]}}],"collection":[{"href":"https:\/\/zakawatt.dz\/index.php\/wp-json\/wp\/v2\/product"}],"about":[{"href":"https:\/\/zakawatt.dz\/index.php\/wp-json\/wp\/v2\/types\/product"}],"replies":[{"embeddable":true,"href":"https:\/\/zakawatt.dz\/index.php\/wp-json\/wp\/v2\/comments?post=9470"}],"wp:featuredmedia":[{"embeddable":true,"href":"https:\/\/zakawatt.dz\/index.php\/wp-json\/wp\/v2\/media\/9536"}],"wp:attachment":[{"href":"https:\/\/zakawatt.dz\/index.php\/wp-json\/wp\/v2\/media?parent=9470"}],"wp:term":[{"taxonomy":"product_brand","embeddable":true,"href":"https:\/\/zakawatt.dz\/index.php\/wp-json\/wp\/v2\/product_brand?post=9470"},{"taxonomy":"product_cat","embeddable":true,"href":"https:\/\/zakawatt.dz\/index.php\/wp-json\/wp\/v2\/product_cat?post=9470"},{"taxonomy":"product_tag","embeddable":true,"href":"https:\/\/zakawatt.dz\/index.php\/wp-json\/wp\/v2\/product_tag?post=9470"}],"curies":[{"name":"wp","href":"https:\/\/api.w.org\/{rel}","templated":true}]}}