{"id":9508,"date":"2023-08-08T17:48:16","date_gmt":"2023-08-08T17:48:16","guid":{"rendered":"https:\/\/zakawatt.dz\/Staging\/?post_type=product&#038;p=9508"},"modified":"2023-08-08T17:49:20","modified_gmt":"2023-08-08T17:49:20","slug":"disjoncteur-differentiel-ds203nc-l-c32-ac300","status":"publish","type":"product","link":"https:\/\/zakawatt.dz\/index.php\/product\/disjoncteur-differentiel-ds203nc-l-c32-ac300\/","title":{"rendered":"Disjoncteur diff\u00e9rentiel DS203NC-L-C32-AC300"},"content":{"rendered":"<p>Fonction : protection des circuits monophas\u00e9s des utilisateurs finaux contre la surcharge et les courants de court-circuit; protection contre les effet des courants de d\u00e9faut de terre alternatifs sinuso\u00efdaux; protection contre le contact indirect et protection suppl\u00e9mentaire contre le contact direct .<\/p>\n","protected":false},"excerpt":{"rendered":"<p>Nombre de pole : 4p Sensibilit\u00e9 : 300 mA Courant nominal: 32A Norme : IEC\/EN 61009<\/p>\n","protected":false},"featured_media":9566,"comment_status":"closed","ping_status":"closed","template":"","meta":[],"product_brand":[],"product_cat":[136],"product_tag":[],"class_list":{"0":"post-9508","1":"product","2":"type-product","3":"status-publish","4":"has-post-thumbnail","6":"product_cat-disjoncteur","9":"instock","10":"shipping-taxable","11":"purchasable","12":"product-type-simple"},"_links":{"self":[{"href":"https:\/\/zakawatt.dz\/index.php\/wp-json\/wp\/v2\/product\/9508","targetHints":{"allow":["GET"]}}],"collection":[{"href":"https:\/\/zakawatt.dz\/index.php\/wp-json\/wp\/v2\/product"}],"about":[{"href":"https:\/\/zakawatt.dz\/index.php\/wp-json\/wp\/v2\/types\/product"}],"replies":[{"embeddable":true,"href":"https:\/\/zakawatt.dz\/index.php\/wp-json\/wp\/v2\/comments?post=9508"}],"wp:featuredmedia":[{"embeddable":true,"href":"https:\/\/zakawatt.dz\/index.php\/wp-json\/wp\/v2\/media\/9566"}],"wp:attachment":[{"href":"https:\/\/zakawatt.dz\/index.php\/wp-json\/wp\/v2\/media?parent=9508"}],"wp:term":[{"taxonomy":"product_brand","embeddable":true,"href":"https:\/\/zakawatt.dz\/index.php\/wp-json\/wp\/v2\/product_brand?post=9508"},{"taxonomy":"product_cat","embeddable":true,"href":"https:\/\/zakawatt.dz\/index.php\/wp-json\/wp\/v2\/product_cat?post=9508"},{"taxonomy":"product_tag","embeddable":true,"href":"https:\/\/zakawatt.dz\/index.php\/wp-json\/wp\/v2\/product_tag?post=9508"}],"curies":[{"name":"wp","href":"https:\/\/api.w.org\/{rel}","templated":true}]}}