{"id":9510,"date":"2023-08-08T17:48:16","date_gmt":"2023-08-08T17:48:16","guid":{"rendered":"https:\/\/zakawatt.dz\/Staging\/?post_type=product&#038;p=9510"},"modified":"2023-08-08T17:49:25","modified_gmt":"2023-08-08T17:49:25","slug":"disjoncteur-moteur-ms165-42-abb","status":"publish","type":"product","link":"https:\/\/zakawatt.dz\/index.php\/product\/disjoncteur-moteur-ms165-42-abb\/","title":{"rendered":"Disjoncteur moteur MS165-42 ABB"},"content":{"rendered":"<p>Les disjoncteurs-moteurs (MMS) sont des dispositifs de protection pour le circuit principal. Ils combinent commande et protection de moteur dans un seul appareil. Ils sont principalement utilis\u00e9s pour activer ou d\u00e9sactiver manuellement les moteurs et prot\u00e9ger ces derniers ainsi que les installations, sans fusible, contre les courts-circuits, les surcharges et les d\u00e9fauts de phase. La protection sans fusible offerte par le disjoncteur-moteur permet de faire des \u00e9conomies, de gagner de l&#8217;espace et de garantir une r\u00e9action rapide en cas de court-circuit, le moteur \u00e9tant coup\u00e9 en l&#8217;espace de quelques millisecondes.<\/p>\n<p><strong>Principaux avantages<\/strong><\/p>\n<ul>\n<li>Gamme harmonis\u00e9e d\u2019accessoires principaux (contacts auxiliaires, contacts de signalisation, bobines de d\u00e9clenchement \u00e0 manque ou \u00e0 \u00e9mission) pour les familles MS1xx et MO1xx<\/li>\n<li>Version compacte<\/li>\n<li>Kits connexion simples garantissant un raccordement \u00e9lectrique et m\u00e9canique pour la r\u00e9alisation des d\u00e9marreurs directs<\/li>\n<\/ul>\n<p><strong>Principales fonctionnalit\u00e9s<br \/>\n<\/strong><\/p>\n<ul>\n<li>Commande manuelle \/ protection contre les courants de court-circuit et les surcharges<\/li>\n<li>Courant r\u00e9glable pour la protection contre les surcharges et indication de d\u00e9clenchement magn\u00e9tique<\/li>\n<li>Fonction de sectionnement<\/li>\n<li>Compensation de temp\u00e9rature<\/li>\n<li>Commande \u00e0 distance via les bobines de d\u00e9clenchement \u00e0 manque ou \u00e0 \u00e9mission<\/li>\n<li>Pouvoir de coupure de service en cas de court-circuit Ics jusqu\u2019\u00e0 100 kA.<\/li>\n<\/ul>\n","protected":false},"excerpt":{"rendered":"<p>marque: ABB&nbsp;<\/p>\n<p>nombre de poles : 3p<\/p>\n<p>e d&#8217;amp\u00e9rage : 30-42A&nbsp;<\/p>\n<p>&nbsp;<\/p>\n","protected":false},"featured_media":9570,"comment_status":"closed","ping_status":"closed","template":"","meta":[],"product_brand":[],"product_cat":[136],"product_tag":[],"class_list":{"0":"post-9510","1":"product","2":"type-product","3":"status-publish","4":"has-post-thumbnail","6":"product_cat-disjoncteur","9":"instock","10":"shipping-taxable","11":"purchasable","12":"product-type-simple"},"_links":{"self":[{"href":"https:\/\/zakawatt.dz\/index.php\/wp-json\/wp\/v2\/product\/9510","targetHints":{"allow":["GET"]}}],"collection":[{"href":"https:\/\/zakawatt.dz\/index.php\/wp-json\/wp\/v2\/product"}],"about":[{"href":"https:\/\/zakawatt.dz\/index.php\/wp-json\/wp\/v2\/types\/product"}],"replies":[{"embeddable":true,"href":"https:\/\/zakawatt.dz\/index.php\/wp-json\/wp\/v2\/comments?post=9510"}],"wp:featuredmedia":[{"embeddable":true,"href":"https:\/\/zakawatt.dz\/index.php\/wp-json\/wp\/v2\/media\/9570"}],"wp:attachment":[{"href":"https:\/\/zakawatt.dz\/index.php\/wp-json\/wp\/v2\/media?parent=9510"}],"wp:term":[{"taxonomy":"product_brand","embeddable":true,"href":"https:\/\/zakawatt.dz\/index.php\/wp-json\/wp\/v2\/product_brand?post=9510"},{"taxonomy":"product_cat","embeddable":true,"href":"https:\/\/zakawatt.dz\/index.php\/wp-json\/wp\/v2\/product_cat?post=9510"},{"taxonomy":"product_tag","embeddable":true,"href":"https:\/\/zakawatt.dz\/index.php\/wp-json\/wp\/v2\/product_tag?post=9510"}],"curies":[{"name":"wp","href":"https:\/\/api.w.org\/{rel}","templated":true}]}}