{"id":9532,"date":"2023-08-08T17:48:37","date_gmt":"2023-08-08T17:48:37","guid":{"rendered":"https:\/\/zakawatt.dz\/Staging\/?post_type=product&#038;p=9532"},"modified":"2023-08-08T17:49:36","modified_gmt":"2023-08-08T17:49:36","slug":"relais-de-surcharge-abb-tf140du-110","status":"publish","type":"product","link":"https:\/\/zakawatt.dz\/index.php\/product\/relais-de-surcharge-abb-tf140du-110\/","title":{"rendered":"Relais de surcharge ABB  TF140DU-110"},"content":{"rendered":"<p>Le relais de surcharge thermique TF140DU-110 est un dispositif de protection \u00e9lectrom\u00e9canique \u00e9conomique pour le circuit principal. Il offre une protection fiable et rapide aux moteurs en cas de surcharge ou de d\u00e9faillance de phase. L&#8217;appareil a la classe de d\u00e9clenchement 10A. Les autres caract\u00e9ristiques sont la compensation de temp\u00e9rature, le contact de d\u00e9clenchement (NF), le contact de signalisation (NO), la r\u00e9initialisation automatique ou manuel, le m\u00e9canisme sans d\u00e9clenchement, la fonction STOP- et Test et une indication de d\u00e9clenchement. Les relais de surcharge sont connect\u00e9s directement aux contacteurs de blocs.<\/p>\n","protected":false},"excerpt":{"rendered":"<p>Marque: ABB<\/p>\n<p>Amp\u00e9rage:&nbsp;80 &#8230; 110 A<\/p>\n<p>Nombre de poles : 3<\/p>\n<p>&nbsp;<\/p>\n","protected":false},"featured_media":9580,"comment_status":"closed","ping_status":"closed","template":"","meta":[],"product_brand":[],"product_cat":[147],"product_tag":[],"class_list":{"0":"post-9532","1":"product","2":"type-product","3":"status-publish","4":"has-post-thumbnail","6":"product_cat-relais","9":"instock","10":"shipping-taxable","11":"purchasable","12":"product-type-simple"},"_links":{"self":[{"href":"https:\/\/zakawatt.dz\/index.php\/wp-json\/wp\/v2\/product\/9532","targetHints":{"allow":["GET"]}}],"collection":[{"href":"https:\/\/zakawatt.dz\/index.php\/wp-json\/wp\/v2\/product"}],"about":[{"href":"https:\/\/zakawatt.dz\/index.php\/wp-json\/wp\/v2\/types\/product"}],"replies":[{"embeddable":true,"href":"https:\/\/zakawatt.dz\/index.php\/wp-json\/wp\/v2\/comments?post=9532"}],"wp:featuredmedia":[{"embeddable":true,"href":"https:\/\/zakawatt.dz\/index.php\/wp-json\/wp\/v2\/media\/9580"}],"wp:attachment":[{"href":"https:\/\/zakawatt.dz\/index.php\/wp-json\/wp\/v2\/media?parent=9532"}],"wp:term":[{"taxonomy":"product_brand","embeddable":true,"href":"https:\/\/zakawatt.dz\/index.php\/wp-json\/wp\/v2\/product_brand?post=9532"},{"taxonomy":"product_cat","embeddable":true,"href":"https:\/\/zakawatt.dz\/index.php\/wp-json\/wp\/v2\/product_cat?post=9532"},{"taxonomy":"product_tag","embeddable":true,"href":"https:\/\/zakawatt.dz\/index.php\/wp-json\/wp\/v2\/product_tag?post=9532"}],"curies":[{"name":"wp","href":"https:\/\/api.w.org\/{rel}","templated":true}]}}